{"id":9,"date":"2024-04-29T23:48:41","date_gmt":"2024-04-29T23:48:41","guid":{"rendered":"https:\/\/shungalladventure.com\/?page_id=9"},"modified":"2024-09-11T18:46:05","modified_gmt":"2024-09-11T18:46:05","slug":"trekking-viajes-amazonas-gocta","status":"publish","type":"page","link":"https:\/\/shungalladventure.com\/","title":{"rendered":"P\u00e1gina de inicio"},"content":{"rendered":"\n<div class=\"wp-block-cover alignfull is-light wp-duotone-unset-2\" style=\"min-height:100vh;aspect-ratio:unset;\"><span aria-hidden=\"true\" class=\"wp-block-cover__background has-background-dim-0 has-background-dim\"><\/span><video class=\"wp-block-cover__video-background intrinsic-ignore\" autoplay muted loop playsinline src=\"https:\/\/shungalladventure.com\/wp-content\/uploads\/2024\/05\/golondrina_nomadawana.mp4\" data-object-fit=\"cover\"><\/video><div class=\"wp-block-cover__inner-container has-global-padding is-layout-constrained wp-block-cover-is-layout-constrained\">\n<p class=\"has-text-align-center has-white-color has-text-color has-max-60-font-size\" style=\"font-style:normal;font-weight:900;line-height:1.2\"><strong>Aventurate. Vive. Inspirate.<\/strong><\/p>\n\n\n\n<p class=\"has-text-align-center has-white-color has-text-color has-medium-font-size\">Shungalla Adventure Una forma diferente de viajar en la Naturaleza<\/p>\n\n\n\n<div style=\"height:55px\" aria-hidden=\"true\" class=\"wp-block-spacer\"><\/div>\n\n\n\n<div class=\"wp-block-buttons is-content-justification-center is-layout-flex wp-container-core-buttons-is-layout-a89b3969 wp-block-buttons-is-layout-flex\">\n<div class=\"wp-block-button is-style-outline is-style-outline--1\"><a class=\"wp-block-button__link has-white-color has-text-color wp-element-button\" href=\"https:\/\/shungalladventure.com\/?page_id=11\" style=\"border-radius:0px\">CONTACTANOS <\/a><\/div>\n<\/div>\n<\/div><\/div>\n\n\n\n<div class=\"wp-block-group has-global-padding is-layout-constrained wp-block-group-is-layout-constrained\">\n<div style=\"height:57px\" aria-hidden=\"true\" class=\"wp-block-spacer\"><\/div>\n\n\n\n<h2 class=\"wp-block-heading has-text-align-center has-medium-font-size\" style=\"letter-spacing:1px\">SHUNGALLA ADVENTURE &#8211; ATR\u00c9VETE A VIVIR UNA EXPERIENCIA DIFERENTE<\/h2>\n\n\n\n<p class=\"has-text-align-center\">Para el viajero que anhela m\u00e1s que unas simples vacaciones, nuestro programa est\u00e1 dise\u00f1ado para aquellos que buscan una conexi\u00f3n aut\u00e9ntica con la naturaleza y la cultura local. Este explorador consciente valora la aventura al aire libre, la espiritualidad, y las experiencias directas con la comunidad  y su entorno.<\/p>\n\n\n\n<div class=\"wp-block-columns is-layout-flex wp-container-core-columns-is-layout-28f84493 wp-block-columns-is-layout-flex\">\n<div class=\"wp-block-column is-layout-flow wp-block-column-is-layout-flow\">\n<div class=\"wp-block-buttons is-horizontal is-content-justification-center is-layout-flex wp-container-core-buttons-is-layout-03627597 wp-block-buttons-is-layout-flex\">\n<div class=\"wp-block-button has-custom-font-size is-style-outline has-small-font-size is-style-outline--3\"><a class=\"wp-block-button__link wp-element-button\" href=\"https:\/\/shungalladventure.com\/?page_id=10\" style=\"border-radius:0px\">TREKKING<\/a><\/div>\n<\/div>\n<\/div>\n\n\n\n<div class=\"wp-block-column is-layout-flow wp-block-column-is-layout-flow\">\n<div class=\"wp-block-buttons is-horizontal is-content-justification-center is-layout-flex wp-container-core-buttons-is-layout-03627597 wp-block-buttons-is-layout-flex\">\n<div class=\"wp-block-button has-custom-font-size is-style-outline has-small-font-size is-style-outline--4\"><a class=\"wp-block-button__link wp-element-button\" href=\"https:\/\/shungalladventure.com\/?page_id=308\" style=\"border-radius:0px\">TAILOR MADE EXPERIENCE<\/a><\/div>\n<\/div>\n<\/div>\n\n\n\n<div class=\"wp-block-column is-layout-flow wp-block-column-is-layout-flow\">\n<div class=\"wp-block-buttons is-horizontal is-content-justification-center is-layout-flex wp-container-core-buttons-is-layout-03627597 wp-block-buttons-is-layout-flex\">\n<div class=\"wp-block-button has-custom-font-size is-style-outline has-small-font-size is-style-outline--5\"><a class=\"wp-block-button__link wp-element-button\" href=\"https:\/\/shungalladventure.com\/?page_id=308\" style=\"border-radius:0px\">VIAJA EN PERU<\/a><\/div>\n<\/div>\n<\/div>\n<\/div>\n\n\n\n<div style=\"height:57px\" aria-hidden=\"true\" class=\"wp-block-spacer\"><\/div>\n<\/div>\n\n\n\n<div class=\"wp-block-group alignfull pattern_multiple_covers has-background has-global-padding is-layout-constrained wp-block-group-is-layout-constrained\" id=\"services\" style=\"background-color:#f8f8f8\">\n<div style=\"height:84px\" aria-hidden=\"true\" class=\"wp-block-spacer\"><\/div>\n\n\n\n<p class=\"has-text-align-left has-secondary-color has-text-color\" style=\"letter-spacing:1px\">NO TE LO PIERDAS, AMAZONAS ESCONDIDO!<\/p>\n\n\n\n<h2 class=\"wp-block-heading has-text-align-left\">TREKKING Y NO SOLO&#8230;<\/h2>\n\n\n\n<p>En Shungalla Adventure, nos enorgullece ofrecer experiencias personalizadas para cada tipo de viajero. Trabajamos estrechamente con peque\u00f1os grupos, familias y grupos especializados para garantizar que cada aventura sea \u00fanica y memorable. Desde viajes tailor-made de un d\u00eda hasta paquetes para varios d\u00edas, nuestra variedad de opciones abarca diferentes niveles de dificultad, adapt\u00e1ndose a los deseos y habilidades de nuestros clientes.<\/p>\n\n\n\n<p>Nuestro valor agregado reside en el trato humano y familiar que ofrecemos en cada viaje. Desde el momento en que nos contactas hasta la emotiva despedida, tratamos a cada grupo como si fueran parte de nuestra familia. Nos comprometemos a cuidar de cada miembro del grupo, creando un v\u00ednculo que trasciende el tiempo y dejando una huella imborrable en cada aventura que emprendemos juntos.<\/p>\n\n\n\n<div style=\"height:46px\" aria-hidden=\"true\" class=\"wp-block-spacer\"><\/div>\n\n\n\n<div class=\"wp-block-columns is-layout-flex wp-container-core-columns-is-layout-28f84493 wp-block-columns-is-layout-flex\">\n<div class=\"wp-block-column is-layout-flow wp-block-column-is-layout-flow\" style=\"padding-top:0;padding-right:0;padding-bottom:0;padding-left:0\">\n<div class=\"wp-block-cover has-custom-content-position is-position-bottom-left\" style=\"padding-top:var(--wp--preset--spacing--small);padding-right:var(--wp--preset--spacing--x-small);padding-bottom:var(--wp--preset--spacing--small);padding-left:var(--wp--preset--spacing--x-small)\"><span aria-hidden=\"true\" class=\"wp-block-cover__background has-primary-background-color has-background-dim-40 has-background-dim\"><\/span><img loading=\"lazy\" decoding=\"async\" width=\"1200\" height=\"1600\" class=\"wp-block-cover__image-background wp-image-35\" alt=\"\" src=\"https:\/\/shungalladventure.com\/wp-content\/uploads\/2024\/04\/1705032747028.jpg\" data-object-fit=\"cover\" srcset=\"https:\/\/shungalladventure.com\/wp-content\/uploads\/2024\/04\/1705032747028.jpg 1200w, https:\/\/shungalladventure.com\/wp-content\/uploads\/2024\/04\/1705032747028-225x300.jpg 225w, https:\/\/shungalladventure.com\/wp-content\/uploads\/2024\/04\/1705032747028-768x1024.jpg 768w\" sizes=\"auto, (max-width: 1200px) 100vw, 1200px\" \/><div class=\"wp-block-cover__inner-container is-layout-flow wp-block-cover-is-layout-flow\">\n<h3 class=\"wp-block-heading has-white-color has-text-color has-medium-font-size\" style=\"margin-top:0;margin-right:0;margin-bottom:0;margin-left:0\">TREKKING TAILOR MADE<\/h3>\n\n\n\n<p class=\"has-secondary-color has-text-color has-link-color wp-elements-5f380b8acfca810616adfb184c8f87d5\" style=\"margin-top:0;margin-right:0;margin-bottom:0;margin-left:0\"><a href=\"https:\/\/shungalladventure.com\/?page_id=275\" data-type=\"page\" data-id=\"275\">Mas Info \u2192<\/a><\/p>\n<\/div><\/div>\n<\/div>\n\n\n\n<div class=\"wp-block-column is-layout-flow wp-block-column-is-layout-flow\" style=\"padding-top:0;padding-right:0;padding-bottom:0;padding-left:0\">\n<div class=\"wp-block-cover has-custom-content-position is-position-bottom-left\" style=\"padding-top:var(--wp--preset--spacing--small);padding-right:var(--wp--preset--spacing--x-small);padding-bottom:var(--wp--preset--spacing--small);padding-left:var(--wp--preset--spacing--x-small)\"><span aria-hidden=\"true\" class=\"wp-block-cover__background has-primary-background-color has-background-dim-30 has-background-dim\"><\/span><img loading=\"lazy\" decoding=\"async\" width=\"2560\" height=\"1707\" class=\"wp-block-cover__image-background wp-image-41\" alt=\"\" src=\"https:\/\/shungalladventure.com\/wp-content\/uploads\/2024\/05\/DSC_0170-scaled.jpg\" data-object-fit=\"cover\" srcset=\"https:\/\/shungalladventure.com\/wp-content\/uploads\/2024\/05\/DSC_0170-scaled.jpg 2560w, https:\/\/shungalladventure.com\/wp-content\/uploads\/2024\/05\/DSC_0170-300x200.jpg 300w, https:\/\/shungalladventure.com\/wp-content\/uploads\/2024\/05\/DSC_0170-1024x683.jpg 1024w, https:\/\/shungalladventure.com\/wp-content\/uploads\/2024\/05\/DSC_0170-2000x1333.jpg 2000w, https:\/\/shungalladventure.com\/wp-content\/uploads\/2024\/05\/DSC_0170-600x400.jpg 600w, https:\/\/shungalladventure.com\/wp-content\/uploads\/2024\/05\/DSC_0170-1200x800.jpg 1200w\" sizes=\"auto, (max-width: 2560px) 100vw, 2560px\" \/><div class=\"wp-block-cover__inner-container is-layout-flow wp-block-cover-is-layout-flow\">\n<h3 class=\"wp-block-heading has-white-color has-text-color has-medium-font-size\" style=\"margin-top:0;margin-right:0;margin-bottom:0;margin-left:0\">PERU TAILOR MADE<\/h3>\n\n\n\n<p class=\"has-secondary-color has-text-color has-link-color wp-elements-f8b402e19ef05e7d6e298c3fe3481366\" style=\"margin-top:0;margin-right:0;margin-bottom:0;margin-left:0\"><a href=\"https:\/\/shungalladventure.com\/?page_id=308\" data-type=\"page\" data-id=\"308\">Mas Info \u2192<\/a><\/p>\n<\/div><\/div>\n<\/div>\n\n\n\n<div class=\"wp-block-column is-layout-flow wp-block-column-is-layout-flow\" style=\"padding-top:0;padding-right:0;padding-bottom:0;padding-left:0\">\n<div class=\"wp-block-cover has-custom-content-position is-position-bottom-left\" style=\"padding-top:var(--wp--preset--spacing--small);padding-right:var(--wp--preset--spacing--x-small);padding-bottom:var(--wp--preset--spacing--small);padding-left:var(--wp--preset--spacing--x-small)\"><span aria-hidden=\"true\" class=\"wp-block-cover__background has-primary-background-color has-background-dim-20 has-background-dim\"><\/span><img loading=\"lazy\" decoding=\"async\" width=\"2560\" height=\"1707\" class=\"wp-block-cover__image-background wp-image-43\" alt=\"\" src=\"https:\/\/shungalladventure.com\/wp-content\/uploads\/2024\/05\/DSC_0363-scaled.jpg\" data-object-fit=\"cover\" srcset=\"https:\/\/shungalladventure.com\/wp-content\/uploads\/2024\/05\/DSC_0363-scaled.jpg 2560w, https:\/\/shungalladventure.com\/wp-content\/uploads\/2024\/05\/DSC_0363-300x200.jpg 300w, https:\/\/shungalladventure.com\/wp-content\/uploads\/2024\/05\/DSC_0363-1024x683.jpg 1024w, https:\/\/shungalladventure.com\/wp-content\/uploads\/2024\/05\/DSC_0363-2000x1333.jpg 2000w, https:\/\/shungalladventure.com\/wp-content\/uploads\/2024\/05\/DSC_0363-600x400.jpg 600w, https:\/\/shungalladventure.com\/wp-content\/uploads\/2024\/05\/DSC_0363-1200x800.jpg 1200w\" sizes=\"auto, (max-width: 2560px) 100vw, 2560px\" \/><div class=\"wp-block-cover__inner-container is-layout-flow wp-block-cover-is-layout-flow\">\n<h3 class=\"wp-block-heading has-white-color has-text-color has-medium-font-size\" style=\"margin-top:0;margin-right:0;margin-bottom:0;margin-left:0\">CONSTRUYE TU VIAJE<\/h3>\n\n\n\n<p class=\"has-secondary-color has-text-color has-link-color wp-elements-f8b402e19ef05e7d6e298c3fe3481366\" style=\"margin-top:0;margin-right:0;margin-bottom:0;margin-left:0\"><a href=\"https:\/\/shungalladventure.com\/?page_id=308\" data-type=\"page\" data-id=\"308\">Mas Info \u2192<\/a><\/p>\n<\/div><\/div>\n<\/div>\n<\/div>\n\n\n\n<div style=\"height:103px\" aria-hidden=\"true\" class=\"wp-block-spacer\"><\/div>\n<\/div>\n\n\n\n<div class=\"wp-block-group alignfull has-global-padding is-layout-constrained wp-block-group-is-layout-constrained\">\n<div class=\"wp-block-group has-global-padding is-layout-constrained wp-block-group-is-layout-constrained\" style=\"padding-top:var(--wp--preset--spacing--small);padding-bottom:var(--wp--preset--spacing--small)\">\n<div style=\"height:30px\" aria-hidden=\"true\" class=\"wp-block-spacer\"><\/div>\n\n\n\n<div class=\"wp-block-columns is-layout-flex wp-container-core-columns-is-layout-c375d253 wp-block-columns-is-layout-flex\">\n<div class=\"wp-block-column is-vertically-aligned-center is-layout-flow wp-block-column-is-layout-flow\">\n<h2 class=\"wp-block-heading has-medium-font-size\" style=\"text-transform:uppercase\">NUESTRA HISTORIA<\/h2>\n\n\n\n<p>Desde 2019, nos hemos comprometido a proporcionar emocionantes experiencias de trekking y aventura en el incre\u00edble entorno del Alto Uctubamba. \u00danete a nosotros para descubrir la belleza natural y la aventura en su m\u00e1xima expresi\u00f3n.<\/p>\n\n\n\n<div class=\"wp-block-buttons is-horizontal is-content-justification-left is-layout-flex wp-container-core-buttons-is-layout-20be11b6 wp-block-buttons-is-layout-flex\">\n<div class=\"wp-block-button is-style-outline is-style-outline--6\"><a class=\"wp-block-button__link wp-element-button\" href=\"https:\/\/shungalladventure.com\/?page_id=245\" style=\"border-radius:0px\">QUIENES SOMOS<\/a><\/div>\n<\/div>\n<\/div>\n\n\n\n<div class=\"wp-block-column is-layout-flow wp-block-column-is-layout-flow\">\n<figure class=\"wp-block-image size-large\"><img loading=\"lazy\" decoding=\"async\" width=\"1024\" height=\"768\" src=\"https:\/\/shungalladventure.com\/wp-content\/uploads\/2024\/05\/IMG-20200203-WA0000-1024x768.jpg\" alt=\"\" class=\"wp-image-51\" srcset=\"https:\/\/shungalladventure.com\/wp-content\/uploads\/2024\/05\/IMG-20200203-WA0000-1024x768.jpg 1024w, https:\/\/shungalladventure.com\/wp-content\/uploads\/2024\/05\/IMG-20200203-WA0000-300x225.jpg 300w, https:\/\/shungalladventure.com\/wp-content\/uploads\/2024\/05\/IMG-20200203-WA0000.jpg 1600w\" sizes=\"auto, (max-width: 1024px) 100vw, 1024px\" \/><\/figure>\n<\/div>\n<\/div>\n\n\n\n<div style=\"height:30px\" aria-hidden=\"true\" class=\"wp-block-spacer\"><\/div>\n<\/div>\n<\/div>\n\n\n\n<div class=\"wp-block-group alignfull has-background has-global-padding is-layout-constrained wp-block-group-is-layout-constrained\" style=\"background-color:#f8f8f8\">\n<div class=\"wp-block-group has-global-padding is-layout-constrained wp-block-group-is-layout-constrained\" style=\"padding-top:var(--wp--preset--spacing--small);padding-bottom:var(--wp--preset--spacing--small)\">\n<div style=\"height:30px\" aria-hidden=\"true\" class=\"wp-block-spacer\"><\/div>\n\n\n\n<div class=\"wp-block-columns are-vertically-aligned-center is-layout-flex wp-container-core-columns-is-layout-c375d253 wp-block-columns-is-layout-flex\">\n<div class=\"wp-block-column is-vertically-aligned-center is-layout-flow wp-block-column-is-layout-flow\">\n<figure class=\"wp-block-image size-large\"><img loading=\"lazy\" decoding=\"async\" width=\"1024\" height=\"683\" src=\"https:\/\/shungalladventure.com\/wp-content\/uploads\/2024\/05\/primer_piso_2_cabana_1-1024x683.jpg\" alt=\"\" class=\"wp-image-48\" srcset=\"https:\/\/shungalladventure.com\/wp-content\/uploads\/2024\/05\/primer_piso_2_cabana_1-1024x683.jpg 1024w, https:\/\/shungalladventure.com\/wp-content\/uploads\/2024\/05\/primer_piso_2_cabana_1-300x200.jpg 300w, https:\/\/shungalladventure.com\/wp-content\/uploads\/2024\/05\/primer_piso_2_cabana_1-600x400.jpg 600w, https:\/\/shungalladventure.com\/wp-content\/uploads\/2024\/05\/primer_piso_2_cabana_1.jpg 1200w\" sizes=\"auto, (max-width: 1024px) 100vw, 1024px\" \/><\/figure>\n<\/div>\n\n\n\n<div class=\"wp-block-column is-vertically-aligned-center is-layout-flow wp-block-column-is-layout-flow\">\n<h2 class=\"wp-block-heading has-medium-font-size\" style=\"text-transform:uppercase\">SERVICIOS ADICIONALES<\/h2>\n\n\n\n<p>Ampl\u00eda tu experiencia de aventura con nuestros servicios adicionales! Desde la comodidad de nuestro exclusivo <a href=\"https:\/\/mamaqtambolodge.com\">Mamaq Tambo Lodge <\/a>hasta traslados sin complicaciones desde el aeropuerto m\u00e1s cercano, \u00a1nos encargamos de todos los detalles para que tu viaje sea inolvidable!<\/p>\n\n\n\n<div class=\"wp-block-buttons is-layout-flex wp-block-buttons-is-layout-flex\">\n<div class=\"wp-block-button is-style-outline is-style-outline--7\"><a class=\"wp-block-button__link wp-element-button\" href=\"https:\/\/shungalladventure.com\/?page_id=245\" style=\"border-radius:0px\">SERVICIOS ADICIONALES<\/a><\/div>\n<\/div>\n<\/div>\n<\/div>\n\n\n\n<div style=\"height:30px\" aria-hidden=\"true\" class=\"wp-block-spacer\"><\/div>\n<\/div>\n<\/div>\n\n\n\n<div class=\"wp-block-cover alignfull has-parallax is-position-center-center\" style=\"border-radius:0px\"><span aria-hidden=\"true\" class=\"wp-block-cover__background has-black-background-color has-background-dim-40 has-background-dim\"><\/span><div class=\"wp-block-cover__image-background wp-image-62 has-parallax\" style=\"background-position:50% 50%;background-image:url(https:\/\/shungalladventure.com\/wp-content\/uploads\/2024\/05\/20151028_122129.jpg)\"><\/div><div class=\"wp-block-cover__inner-container is-layout-flow wp-block-cover-is-layout-flow\">\n<div class=\"wp-block-group has-global-padding is-layout-constrained wp-block-group-is-layout-constrained\">\n<h3 class=\"wp-block-heading has-text-align-center has-text-color has-medium-font-size\" style=\"color:#fffffa;text-transform:uppercase\">CONTACTANOS PARA ARMAR TU EXPERIENCIA JUNTOS<\/h3>\n\n\n\n<p class=\"has-text-align-center has-white-color has-text-color\">\u00a1Con\u00e9ctate con nosotros para empezar tu pr\u00f3xima aventura! \u00a1Estamos aqu\u00ed para responder tus preguntas y ayudarte a planificar la experiencia de trekking perfecta!<\/p>\n\n\n\n<div style=\"height:31px\" aria-hidden=\"true\" class=\"wp-block-spacer\"><\/div>\n\n\n\n<div class=\"wp-block-buttons is-horizontal is-content-justification-center is-layout-flex wp-container-core-buttons-is-layout-03627597 wp-block-buttons-is-layout-flex\">\n<div class=\"wp-block-button is-style-outline is-style-outline--8\"><a class=\"wp-block-button__link has-white-color has-text-color wp-element-button\" href=\"https:\/\/shungalladventure.com\/?page_id=11\" style=\"border-radius:0px\">CONTACTANOS<\/a><\/div>\n<\/div>\n<\/div>\n<\/div><\/div>\n","protected":false},"excerpt":{"rendered":"<p>SHUNGALLA ADVENTURE &#8211; ATR\u00c9VETE A VIVIR UNA EXPERIENCIA DIFERENTE Para el viajero que anhela m\u00e1s que unas simples vacaciones, nuestro programa est\u00e1 dise\u00f1ado para aquellos que buscan una conexi\u00f3n aut\u00e9ntica con la naturaleza y la cultura local. Este explorador consciente valora la aventura al aire libre, la espiritualidad, y las experiencias directas con la comunidad &hellip; <\/p>\n<p class=\"link-more\"><a href=\"https:\/\/shungalladventure.com\/\" class=\"more-link\">Leer m\u00e1s<span class=\"screen-reader-text\"> \u00abP\u00e1gina de inicio\u00bb<\/span><\/a><\/p>\n","protected":false},"author":1,"featured_media":0,"parent":0,"menu_order":0,"comment_status":"closed","ping_status":"closed","template":"page-templates\/homepage-no-hero.php","meta":{"inspiro_hide_title":false,"_joinchat":[],"footnotes":""},"class_list":["post-9","page","type-page","status-publish","hentry"],"featured_media_urls":[],"_links":{"self":[{"href":"https:\/\/shungalladventure.com\/index.php?rest_route=\/wp\/v2\/pages\/9","targetHints":{"allow":["GET"]}}],"collection":[{"href":"https:\/\/shungalladventure.com\/index.php?rest_route=\/wp\/v2\/pages"}],"about":[{"href":"https:\/\/shungalladventure.com\/index.php?rest_route=\/wp\/v2\/types\/page"}],"author":[{"embeddable":true,"href":"https:\/\/shungalladventure.com\/index.php?rest_route=\/wp\/v2\/users\/1"}],"replies":[{"embeddable":true,"href":"https:\/\/shungalladventure.com\/index.php?rest_route=%2Fwp%2Fv2%2Fcomments&post=9"}],"version-history":[{"count":27,"href":"https:\/\/shungalladventure.com\/index.php?rest_route=\/wp\/v2\/pages\/9\/revisions"}],"predecessor-version":[{"id":315,"href":"https:\/\/shungalladventure.com\/index.php?rest_route=\/wp\/v2\/pages\/9\/revisions\/315"}],"wp:attachment":[{"href":"https:\/\/shungalladventure.com\/index.php?rest_route=%2Fwp%2Fv2%2Fmedia&parent=9"}],"curies":[{"name":"wp","href":"https:\/\/api.w.org\/{rel}","templated":true}]}}