{"id":308,"date":"2024-09-11T17:29:47","date_gmt":"2024-09-11T17:29:47","guid":{"rendered":"https:\/\/shungalladventure.com\/?page_id=308"},"modified":"2024-09-11T17:30:04","modified_gmt":"2024-09-11T17:30:04","slug":"viajes-tailor-made","status":"publish","type":"page","link":"https:\/\/shungalladventure.com\/?page_id=308","title":{"rendered":""},"content":{"rendered":"\n<div class=\"wp-block-group alignfull has-white-background-color has-background has-global-padding is-layout-constrained wp-block-group-is-layout-constrained\" style=\"padding-top:var(--wp--preset--spacing--small);padding-bottom:var(--wp--preset--spacing--small)\">\n<h2 class=\"wp-block-heading has-medium-font-size\" style=\"text-transform:uppercase\"><strong>VIAJE Tailor-Made: Explora Per\u00fa a tu Ritmo con un Gu\u00eda Experto<\/strong><\/h2>\n\n\n\n<p>Para los viajeros que buscan una experiencia \u00fanica y aut\u00e9ntica, ofrecemos <strong>viajes tailor-made<\/strong> en los que yo, como gu\u00eda, acompa\u00f1o a los turistas a lo largo de su recorrido, ya sea explorando la regi\u00f3n Amazonas o cualquier otro rinc\u00f3n de Per\u00fa, incluyendo la popular ruta cl\u00e1sica del sur.<\/p>\n\n\n\n<p>Mi enfoque como gu\u00eda es acompa\u00f1ar al viajero d\u00eda a d\u00eda, ofreciendo la libertad de elegir los lugares, servicios y actividades que desean experimentar. Con mi profundo conocimiento del territorio y su cultura, los gu\u00edo en la creaci\u00f3n de un viaje que se adapte a sus intereses y deseos. La gran ventaja de este formato es que los turistas tienen una experiencia directa y aut\u00e9ntica del pa\u00eds, alej\u00e1ndose de los circuitos tur\u00edsticos predefinidos y de los \u00abtours de pl\u00e1stico\u00bb.<\/p>\n\n\n\n<p>Cada d\u00eda se convierte en una oportunidad para sumergirse en la realidad viva de Per\u00fa, explorando sus paisajes, cultura y tradiciones de una manera genuina. Desde visitas a sitios arqueol\u00f3gicos y caminatas por impresionantes monta\u00f1as hasta encuentros con comunidades locales y degustaciones de la cocina regional, el viaje se moldea seg\u00fan las preferencias del viajero, permitiendo que cada uno dirija su mirada hacia lo que realmente le interesa.<\/p>\n\n\n\n<p>Con mi acompa\u00f1amiento como gu\u00eda experto, el turista no solo descubre los destinos, sino que tambi\u00e9n conecta profundamente con la esencia del lugar, formando recuerdos que reflejan la verdadera riqueza de la tierra y sus tradiciones. Este formato de viaje garantiza una experiencia aut\u00e9ntica, flexible y enriquecedora, en la que el viajero es el protagonista de su propia aventura.<\/p>\n\n\n\n<p>Descubre Per\u00fa de una manera aut\u00e9ntica, libre de itinerarios preestablecidos y con la libertad de explorar a tu propio ritmo.<\/p>\n\n\n\n<div class=\"wp-block-buttons is-horizontal is-content-justification-left is-layout-flex wp-container-core-buttons-is-layout-20be11b6 wp-block-buttons-is-layout-flex\">\n<div class=\"wp-block-button is-style-outline is-style-outline--1\"><a class=\"wp-block-button__link wp-element-button\" href=\"https:\/\/shungalladventure.com\/?page_id=11\">CONTACTANOS<\/a><\/div>\n<\/div>\n\n\n\n<p><\/p>\n<\/div>\n","protected":false},"excerpt":{"rendered":"<p>VIAJE Tailor-Made: Explora Per\u00fa a tu Ritmo con un Gu\u00eda Experto Para los viajeros que buscan una experiencia \u00fanica y aut\u00e9ntica, ofrecemos viajes tailor-made en los que yo, como gu\u00eda, acompa\u00f1o a los turistas a lo largo de su recorrido, ya sea explorando la regi\u00f3n Amazonas o cualquier otro rinc\u00f3n de Per\u00fa, incluyendo la popular &hellip; <\/p>\n<p class=\"link-more\"><a href=\"https:\/\/shungalladventure.com\/?page_id=308\" class=\"more-link\">Leer m\u00e1s<span class=\"screen-reader-text\"> \u00ab\u00bb<\/span><\/a><\/p>\n","protected":false},"author":1,"featured_media":126,"parent":0,"menu_order":0,"comment_status":"closed","ping_status":"closed","template":"","meta":{"inspiro_hide_title":false,"_joinchat":[],"footnotes":""},"class_list":["post-308","page","type-page","status-publish","has-post-thumbnail","hentry"],"featured_media_urls":{"thumbnail":["https:\/\/shungalladventure.com\/wp-content\/uploads\/2024\/08\/IMG-20240730-WA0017-150x150.jpg",150,150,true],"medium":["https:\/\/shungalladventure.com\/wp-content\/uploads\/2024\/08\/IMG-20240730-WA0017-300x225.jpg",300,225,true],"medium_large":["https:\/\/shungalladventure.com\/wp-content\/uploads\/2024\/08\/IMG-20240730-WA0017.jpg",768,576,false],"large":["https:\/\/shungalladventure.com\/wp-content\/uploads\/2024\/08\/IMG-20240730-WA0017-1024x768.jpg",950,713,true],"1536x1536":["https:\/\/shungalladventure.com\/wp-content\/uploads\/2024\/08\/IMG-20240730-WA0017-1536x1152.jpg",1536,1152,true],"2048x2048":["https:\/\/shungalladventure.com\/wp-content\/uploads\/2024\/08\/IMG-20240730-WA0017.jpg",1600,1200,false],"inspiro-featured-image":["https:\/\/shungalladventure.com\/wp-content\/uploads\/2024\/08\/IMG-20240730-WA0017.jpg",1600,1200,false],"inspiro-loop":["https:\/\/shungalladventure.com\/wp-content\/uploads\/2024\/08\/IMG-20240730-WA0017-950x320.jpg",950,320,true],"inspiro-loop@2x":["https:\/\/shungalladventure.com\/wp-content\/uploads\/2024\/08\/IMG-20240730-WA0017-1600x640.jpg",1600,640,true],"portfolio_item-thumbnail":["https:\/\/shungalladventure.com\/wp-content\/uploads\/2024\/08\/IMG-20240730-WA0017-600x400.jpg",600,400,true],"portfolio_item-thumbnail@2x":["https:\/\/shungalladventure.com\/wp-content\/uploads\/2024\/08\/IMG-20240730-WA0017-1200x800.jpg",1200,800,true],"portfolio_item-masonry":["https:\/\/shungalladventure.com\/wp-content\/uploads\/2024\/08\/IMG-20240730-WA0017-600x450.jpg",600,450,true],"portfolio_item-masonry@2x":["https:\/\/shungalladventure.com\/wp-content\/uploads\/2024\/08\/IMG-20240730-WA0017-1200x900.jpg",1200,900,true],"portfolio_item-thumbnail_cinema":["https:\/\/shungalladventure.com\/wp-content\/uploads\/2024\/08\/IMG-20240730-WA0017-800x335.jpg",800,335,true],"portfolio_item-thumbnail_portrait":["https:\/\/shungalladventure.com\/wp-content\/uploads\/2024\/08\/IMG-20240730-WA0017-600x900.jpg",600,900,true],"portfolio_item-thumbnail_portrait@2x":["https:\/\/shungalladventure.com\/wp-content\/uploads\/2024\/08\/IMG-20240730-WA0017-1200x1200.jpg",1200,1200,true],"portfolio_item-thumbnail_square":["https:\/\/shungalladventure.com\/wp-content\/uploads\/2024\/08\/IMG-20240730-WA0017-800x800.jpg",800,800,true]},"_links":{"self":[{"href":"https:\/\/shungalladventure.com\/index.php?rest_route=\/wp\/v2\/pages\/308","targetHints":{"allow":["GET"]}}],"collection":[{"href":"https:\/\/shungalladventure.com\/index.php?rest_route=\/wp\/v2\/pages"}],"about":[{"href":"https:\/\/shungalladventure.com\/index.php?rest_route=\/wp\/v2\/types\/page"}],"author":[{"embeddable":true,"href":"https:\/\/shungalladventure.com\/index.php?rest_route=\/wp\/v2\/users\/1"}],"replies":[{"embeddable":true,"href":"https:\/\/shungalladventure.com\/index.php?rest_route=%2Fwp%2Fv2%2Fcomments&post=308"}],"version-history":[{"count":1,"href":"https:\/\/shungalladventure.com\/index.php?rest_route=\/wp\/v2\/pages\/308\/revisions"}],"predecessor-version":[{"id":309,"href":"https:\/\/shungalladventure.com\/index.php?rest_route=\/wp\/v2\/pages\/308\/revisions\/309"}],"wp:featuredmedia":[{"embeddable":true,"href":"https:\/\/shungalladventure.com\/index.php?rest_route=\/wp\/v2\/media\/126"}],"wp:attachment":[{"href":"https:\/\/shungalladventure.com\/index.php?rest_route=%2Fwp%2Fv2%2Fmedia&parent=308"}],"curies":[{"name":"wp","href":"https:\/\/api.w.org\/{rel}","templated":true}]}}