{"id":275,"date":"2024-08-26T23:22:37","date_gmt":"2024-08-26T23:22:37","guid":{"rendered":"https:\/\/shungalladventure.com\/?page_id=275"},"modified":"2024-09-11T16:15:04","modified_gmt":"2024-09-11T16:15:04","slug":"tailor-made-trekking","status":"publish","type":"page","link":"https:\/\/shungalladventure.com\/?page_id=275","title":{"rendered":""},"content":{"rendered":"\n<div class=\"wp-block-group alignfull has-white-background-color has-background has-global-padding is-layout-constrained wp-block-group-is-layout-constrained\" style=\"padding-top:var(--wp--preset--spacing--small);padding-bottom:var(--wp--preset--spacing--small)\">\n<h2 class=\"wp-block-heading has-medium-font-size\" style=\"text-transform:uppercase\"><strong>Trekking Tailor-Made: Aventuras Personalizadas en la Regi\u00f3n Amazonas<\/strong><\/h2>\n\n\n\n<p>Para los aventureros que buscan una experiencia \u00fanica y adaptada a sus intereses, ofrecemos <strong>trekkings tailor-made<\/strong> que pueden extenderse hasta 4 d\u00edas. Dise\u00f1ados para adaptarse a tus preferencias, estos trekkings te permiten explorar la regi\u00f3n Amazonas de una manera profunda y personalizada.<\/p>\n\n\n\n<p>Cada trekking se adapta a tus necesidades espec\u00edficas, ya sea que prefieras un desaf\u00edo f\u00edsico, una inmersi\u00f3n en la naturaleza o una combinaci\u00f3n de ambos. Incluimos toda la log\u00edstica necesaria para que tu experiencia sea inolvidable, desde la planificaci\u00f3n hasta la ejecuci\u00f3n.<\/p>\n\n\n\n<p><strong>\u00bfQu\u00e9 incluye nuestro servicio?<\/strong><\/p>\n\n\n\n<ul class=\"wp-block-list\">\n<li><strong>Log\u00edstica Completa:<\/strong> Nos encargamos de todos los detalles, desde el transporte hasta el alojamiento en nuestra base en Mamaq Tambo Lodge o en campamentos especialmente preparados.<\/li>\n\n\n\n<li><strong>Guiado Experto:<\/strong> Nuestros gu\u00edas locales, con amplio conocimiento de la regi\u00f3n y su cultura, te acompa\u00f1ar\u00e1n durante todo el trekking, brind\u00e1ndote informaci\u00f3n valiosa y asegurando tu seguridad.<\/li>\n\n\n\n<li><strong>Alimentaci\u00f3n:<\/strong> Ofrecemos comidas completas y nutritivas durante el trekking, adaptadas a tus necesidades diet\u00e9ticas y preferencias. Incluimos desayunos, almuerzos, cenas y snacks energ\u00e9ticos para mantenerte en\u00e9rgico y satisfecho.<\/li>\n<\/ul>\n\n\n\n<p>Nuestros trekkings tailor-made te permiten explorar los rincones m\u00e1s espectaculares de la regi\u00f3n Amazonas, desde cataratas ocultas y ruinas ancestrales hasta exuberantes bosques y miradores panor\u00e1micos. Ya sea que busques una ruta desafiante, una exploraci\u00f3n cultural o una combinaci\u00f3n de ambas, trabajaremos contigo para dise\u00f1ar el trekking perfecto que se ajuste a tus expectativas y deseos.<\/p>\n\n\n\n<p>Descubre la belleza y la magia de Amazonas con una experiencia de trekking hecha a medida solo para ti.combinando la majestuosidad de los paisajes andinos con la fascinaci\u00f3n por los antiguos ritos funerarios y la exploraci\u00f3n subterr\u00e1nea.<\/p>\n\n\n\n<div class=\"wp-block-buttons is-horizontal is-content-justification-left is-layout-flex wp-container-core-buttons-is-layout-20be11b6 wp-block-buttons-is-layout-flex\">\n<div class=\"wp-block-button is-style-outline is-style-outline--1\"><a class=\"wp-block-button__link wp-element-button\" href=\"https:\/\/shungalladventure.com\/?page_id=11\">CONTACTANOS<\/a><\/div>\n<\/div>\n<\/div>\n\n\n\n<p><\/p>\n","protected":false},"excerpt":{"rendered":"<p>Trekking Tailor-Made: Aventuras Personalizadas en la Regi\u00f3n Amazonas Para los aventureros que buscan una experiencia \u00fanica y adaptada a sus intereses, ofrecemos trekkings tailor-made que pueden extenderse hasta 4 d\u00edas. Dise\u00f1ados para adaptarse a tus preferencias, estos trekkings te permiten explorar la regi\u00f3n Amazonas de una manera profunda y personalizada. Cada trekking se adapta a &hellip; <\/p>\n<p class=\"link-more\"><a href=\"https:\/\/shungalladventure.com\/?page_id=275\" class=\"more-link\">Leer m\u00e1s<span class=\"screen-reader-text\"> \u00ab\u00bb<\/span><\/a><\/p>\n","protected":false},"author":1,"featured_media":126,"parent":0,"menu_order":0,"comment_status":"closed","ping_status":"closed","template":"","meta":{"inspiro_hide_title":false,"_joinchat":[],"footnotes":""},"class_list":["post-275","page","type-page","status-publish","has-post-thumbnail","hentry"],"featured_media_urls":{"thumbnail":["https:\/\/shungalladventure.com\/wp-content\/uploads\/2024\/08\/IMG-20240730-WA0017-150x150.jpg",150,150,true],"medium":["https:\/\/shungalladventure.com\/wp-content\/uploads\/2024\/08\/IMG-20240730-WA0017-300x225.jpg",300,225,true],"medium_large":["https:\/\/shungalladventure.com\/wp-content\/uploads\/2024\/08\/IMG-20240730-WA0017.jpg",768,576,false],"large":["https:\/\/shungalladventure.com\/wp-content\/uploads\/2024\/08\/IMG-20240730-WA0017-1024x768.jpg",950,713,true],"1536x1536":["https:\/\/shungalladventure.com\/wp-content\/uploads\/2024\/08\/IMG-20240730-WA0017-1536x1152.jpg",1536,1152,true],"2048x2048":["https:\/\/shungalladventure.com\/wp-content\/uploads\/2024\/08\/IMG-20240730-WA0017.jpg",1600,1200,false],"inspiro-featured-image":["https:\/\/shungalladventure.com\/wp-content\/uploads\/2024\/08\/IMG-20240730-WA0017.jpg",1600,1200,false],"inspiro-loop":["https:\/\/shungalladventure.com\/wp-content\/uploads\/2024\/08\/IMG-20240730-WA0017-950x320.jpg",950,320,true],"inspiro-loop@2x":["https:\/\/shungalladventure.com\/wp-content\/uploads\/2024\/08\/IMG-20240730-WA0017-1600x640.jpg",1600,640,true],"portfolio_item-thumbnail":["https:\/\/shungalladventure.com\/wp-content\/uploads\/2024\/08\/IMG-20240730-WA0017-600x400.jpg",600,400,true],"portfolio_item-thumbnail@2x":["https:\/\/shungalladventure.com\/wp-content\/uploads\/2024\/08\/IMG-20240730-WA0017-1200x800.jpg",1200,800,true],"portfolio_item-masonry":["https:\/\/shungalladventure.com\/wp-content\/uploads\/2024\/08\/IMG-20240730-WA0017-600x450.jpg",600,450,true],"portfolio_item-masonry@2x":["https:\/\/shungalladventure.com\/wp-content\/uploads\/2024\/08\/IMG-20240730-WA0017-1200x900.jpg",1200,900,true],"portfolio_item-thumbnail_cinema":["https:\/\/shungalladventure.com\/wp-content\/uploads\/2024\/08\/IMG-20240730-WA0017-800x335.jpg",800,335,true],"portfolio_item-thumbnail_portrait":["https:\/\/shungalladventure.com\/wp-content\/uploads\/2024\/08\/IMG-20240730-WA0017-600x900.jpg",600,900,true],"portfolio_item-thumbnail_portrait@2x":["https:\/\/shungalladventure.com\/wp-content\/uploads\/2024\/08\/IMG-20240730-WA0017-1200x1200.jpg",1200,1200,true],"portfolio_item-thumbnail_square":["https:\/\/shungalladventure.com\/wp-content\/uploads\/2024\/08\/IMG-20240730-WA0017-800x800.jpg",800,800,true]},"_links":{"self":[{"href":"https:\/\/shungalladventure.com\/index.php?rest_route=\/wp\/v2\/pages\/275","targetHints":{"allow":["GET"]}}],"collection":[{"href":"https:\/\/shungalladventure.com\/index.php?rest_route=\/wp\/v2\/pages"}],"about":[{"href":"https:\/\/shungalladventure.com\/index.php?rest_route=\/wp\/v2\/types\/page"}],"author":[{"embeddable":true,"href":"https:\/\/shungalladventure.com\/index.php?rest_route=\/wp\/v2\/users\/1"}],"replies":[{"embeddable":true,"href":"https:\/\/shungalladventure.com\/index.php?rest_route=%2Fwp%2Fv2%2Fcomments&post=275"}],"version-history":[{"count":1,"href":"https:\/\/shungalladventure.com\/index.php?rest_route=\/wp\/v2\/pages\/275\/revisions"}],"predecessor-version":[{"id":276,"href":"https:\/\/shungalladventure.com\/index.php?rest_route=\/wp\/v2\/pages\/275\/revisions\/276"}],"wp:featuredmedia":[{"embeddable":true,"href":"https:\/\/shungalladventure.com\/index.php?rest_route=\/wp\/v2\/media\/126"}],"wp:attachment":[{"href":"https:\/\/shungalladventure.com\/index.php?rest_route=%2Fwp%2Fv2%2Fmedia&parent=275"}],"curies":[{"name":"wp","href":"https:\/\/api.w.org\/{rel}","templated":true}]}}