{"id":237,"date":"2024-08-26T21:47:49","date_gmt":"2024-08-26T21:47:49","guid":{"rendered":"https:\/\/shungalladventure.com\/?page_id=237"},"modified":"2024-08-26T22:48:16","modified_gmt":"2024-08-26T22:48:16","slug":"ciudad-de-chachapoyas-y-fortaleza-de-yalape","status":"publish","type":"page","link":"https:\/\/shungalladventure.com\/?page_id=237","title":{"rendered":""},"content":{"rendered":"\n<div class=\"wp-block-group alignfull has-white-background-color has-background has-global-padding is-layout-constrained wp-block-group-is-layout-constrained\" style=\"padding-top:var(--wp--preset--spacing--small);padding-bottom:var(--wp--preset--spacing--small)\">\n<h2 class=\"wp-block-heading has-medium-font-size\" style=\"text-transform:uppercase\"><strong>Tour de un D\u00eda Completo: Ciudad de Chachapoyas y Fortaleza de Yalape<\/strong><\/h2>\n\n\n\n<p>Sum\u00e9rgete en la historia y cultura del norte del Per\u00fa con este tour de un d\u00eda completo que te llevar\u00e1 a explorar la encantadora ciudad de Chachapoyas y la misteriosa Fortaleza de Yalape.<\/p>\n\n\n\n<p><strong>Ciudad de Chachapoyas<\/strong><br>Comenzaremos nuestro recorrido en la hist\u00f3rica ciudad de Chachapoyas, la capital de la regi\u00f3n Amazonas. Fundada en 1538, esta ciudad colonial es un reflejo del pasado y el presente, con sus calles empedradas, casas de estilo espa\u00f1ol con balcones de madera, y plazas llenas de vida. Durante la visita, exploraremos los principales atractivos de la ciudad, como la Plaza de Armas, el Museo de la Cultura Chachapoya, y disfrutaremos de una degustaci\u00f3n de chocolate y caf\u00e9 de la regi\u00f3n, productos emblem\u00e1ticos que reflejan la riqueza agr\u00edcola de la zona.<\/p>\n\n\n\n<p><strong>Fortaleza de Yalape<\/strong><br>Despu\u00e9s de explorar Chachapoyas, nos dirigiremos a la Fortaleza de Yalape, ubicada a pocos kil\u00f3metros de la ciudad. Este antiguo asentamiento Chachapoya, que data de entre los siglos XII y XIV, es uno de los m\u00e1s importantes de la regi\u00f3n. Conocida por sus murallas de piedra y sus estructuras circulares, Yalape ofrece una visi\u00f3n fascinante de la arquitectura y el urbanismo de esta antigua civilizaci\u00f3n. Rodeada de naturaleza, la fortaleza no solo es un testimonio hist\u00f3rico, sino tambi\u00e9n un lugar de incre\u00edble belleza paisaj\u00edstica.<\/p>\n\n\n\n<p><strong>Lo que incluye el tour:<\/strong><\/p>\n\n\n\n<ul class=\"wp-block-list\">\n<li>Traslado en carro desde Cocachimba a Chachapoyas y Yalape.<\/li>\n\n\n\n<li>Visita guiada por la ciudad de Chachapoyas, incluyendo degustaci\u00f3n de chocolate y caf\u00e9 local.<\/li>\n\n\n\n<li>Ingreso y visita guiada a la Fortaleza de Yalape.<\/li>\n\n\n\n<li>Almuerzo en un restaurante t\u00edpico en Chachapoyas, con platos tradicionales de la regi\u00f3n.<\/li>\n<\/ul>\n\n\n\n<p>Este tour es perfecto para quienes desean combinar la exploraci\u00f3n urbana con la historia antigua, conociendo tanto la vida cotidiana de Chachapoyas como el legado de los antiguos habitantes de la regi\u00f3n.mprensi\u00f3n m\u00e1s profunda de la historia y cultura Chachapoyas, combinando arqueolog\u00eda y antropolog\u00eda en un entorno de asombrosa belleza natural.<\/p>\n\n\n\n<div class=\"wp-block-buttons is-horizontal is-content-justification-left is-layout-flex wp-container-core-buttons-is-layout-20be11b6 wp-block-buttons-is-layout-flex\">\n<div class=\"wp-block-button is-style-outline is-style-outline--1\"><a class=\"wp-block-button__link wp-element-button\" href=\"https:\/\/shungalladventure.com\/?page_id=11\">CONTACTANOS<\/a><\/div>\n<\/div>\n<\/div>\n\n\n\n<p><\/p>\n","protected":false},"excerpt":{"rendered":"<p>Tour de un D\u00eda Completo: Ciudad de Chachapoyas y Fortaleza de Yalape Sum\u00e9rgete en la historia y cultura del norte del Per\u00fa con este tour de un d\u00eda completo que te llevar\u00e1 a explorar la encantadora ciudad de Chachapoyas y la misteriosa Fortaleza de Yalape. Ciudad de ChachapoyasComenzaremos nuestro recorrido en la hist\u00f3rica ciudad de &hellip; <\/p>\n<p class=\"link-more\"><a href=\"https:\/\/shungalladventure.com\/?page_id=237\" class=\"more-link\">Leer m\u00e1s<span class=\"screen-reader-text\"> \u00ab\u00bb<\/span><\/a><\/p>\n","protected":false},"author":1,"featured_media":126,"parent":0,"menu_order":0,"comment_status":"closed","ping_status":"closed","template":"","meta":{"inspiro_hide_title":false,"_joinchat":[],"footnotes":""},"class_list":["post-237","page","type-page","status-publish","has-post-thumbnail","hentry"],"featured_media_urls":{"thumbnail":["https:\/\/shungalladventure.com\/wp-content\/uploads\/2024\/08\/IMG-20240730-WA0017-150x150.jpg",150,150,true],"medium":["https:\/\/shungalladventure.com\/wp-content\/uploads\/2024\/08\/IMG-20240730-WA0017-300x225.jpg",300,225,true],"medium_large":["https:\/\/shungalladventure.com\/wp-content\/uploads\/2024\/08\/IMG-20240730-WA0017.jpg",768,576,false],"large":["https:\/\/shungalladventure.com\/wp-content\/uploads\/2024\/08\/IMG-20240730-WA0017-1024x768.jpg",950,713,true],"1536x1536":["https:\/\/shungalladventure.com\/wp-content\/uploads\/2024\/08\/IMG-20240730-WA0017-1536x1152.jpg",1536,1152,true],"2048x2048":["https:\/\/shungalladventure.com\/wp-content\/uploads\/2024\/08\/IMG-20240730-WA0017.jpg",1600,1200,false],"inspiro-featured-image":["https:\/\/shungalladventure.com\/wp-content\/uploads\/2024\/08\/IMG-20240730-WA0017.jpg",1600,1200,false],"inspiro-loop":["https:\/\/shungalladventure.com\/wp-content\/uploads\/2024\/08\/IMG-20240730-WA0017-950x320.jpg",950,320,true],"inspiro-loop@2x":["https:\/\/shungalladventure.com\/wp-content\/uploads\/2024\/08\/IMG-20240730-WA0017-1600x640.jpg",1600,640,true],"portfolio_item-thumbnail":["https:\/\/shungalladventure.com\/wp-content\/uploads\/2024\/08\/IMG-20240730-WA0017-600x400.jpg",600,400,true],"portfolio_item-thumbnail@2x":["https:\/\/shungalladventure.com\/wp-content\/uploads\/2024\/08\/IMG-20240730-WA0017-1200x800.jpg",1200,800,true],"portfolio_item-masonry":["https:\/\/shungalladventure.com\/wp-content\/uploads\/2024\/08\/IMG-20240730-WA0017-600x450.jpg",600,450,true],"portfolio_item-masonry@2x":["https:\/\/shungalladventure.com\/wp-content\/uploads\/2024\/08\/IMG-20240730-WA0017-1200x900.jpg",1200,900,true],"portfolio_item-thumbnail_cinema":["https:\/\/shungalladventure.com\/wp-content\/uploads\/2024\/08\/IMG-20240730-WA0017-800x335.jpg",800,335,true],"portfolio_item-thumbnail_portrait":["https:\/\/shungalladventure.com\/wp-content\/uploads\/2024\/08\/IMG-20240730-WA0017-600x900.jpg",600,900,true],"portfolio_item-thumbnail_portrait@2x":["https:\/\/shungalladventure.com\/wp-content\/uploads\/2024\/08\/IMG-20240730-WA0017-1200x1200.jpg",1200,1200,true],"portfolio_item-thumbnail_square":["https:\/\/shungalladventure.com\/wp-content\/uploads\/2024\/08\/IMG-20240730-WA0017-800x800.jpg",800,800,true]},"_links":{"self":[{"href":"https:\/\/shungalladventure.com\/index.php?rest_route=\/wp\/v2\/pages\/237","targetHints":{"allow":["GET"]}}],"collection":[{"href":"https:\/\/shungalladventure.com\/index.php?rest_route=\/wp\/v2\/pages"}],"about":[{"href":"https:\/\/shungalladventure.com\/index.php?rest_route=\/wp\/v2\/types\/page"}],"author":[{"embeddable":true,"href":"https:\/\/shungalladventure.com\/index.php?rest_route=\/wp\/v2\/users\/1"}],"replies":[{"embeddable":true,"href":"https:\/\/shungalladventure.com\/index.php?rest_route=%2Fwp%2Fv2%2Fcomments&post=237"}],"version-history":[{"count":1,"href":"https:\/\/shungalladventure.com\/index.php?rest_route=\/wp\/v2\/pages\/237\/revisions"}],"predecessor-version":[{"id":238,"href":"https:\/\/shungalladventure.com\/index.php?rest_route=\/wp\/v2\/pages\/237\/revisions\/238"}],"wp:featuredmedia":[{"embeddable":true,"href":"https:\/\/shungalladventure.com\/index.php?rest_route=\/wp\/v2\/media\/126"}],"wp:attachment":[{"href":"https:\/\/shungalladventure.com\/index.php?rest_route=%2Fwp%2Fv2%2Fmedia&parent=237"}],"curies":[{"name":"wp","href":"https:\/\/api.w.org\/{rel}","templated":true}]}}