{"id":234,"date":"2024-08-26T21:45:31","date_gmt":"2024-08-26T21:45:31","guid":{"rendered":"https:\/\/shungalladventure.com\/?page_id=234"},"modified":"2024-08-26T22:47:58","modified_gmt":"2024-08-26T22:47:58","slug":"mausoleos-de-revash-y-museo-de-leymebamba","status":"publish","type":"page","link":"https:\/\/shungalladventure.com\/?page_id=234","title":{"rendered":""},"content":{"rendered":"\n<div class=\"wp-block-group alignfull has-white-background-color has-background has-global-padding is-layout-constrained wp-block-group-is-layout-constrained\" style=\"padding-top:var(--wp--preset--spacing--small);padding-bottom:var(--wp--preset--spacing--small)\">\n<h2 class=\"wp-block-heading has-medium-font-size\" style=\"text-transform:uppercase\"><strong>Tour de un D\u00eda Completo: Mausoleos de Revash y Museo de Leymebamba<\/strong><\/h2>\n\n\n\n<p>Descubre el legado de la civilizaci\u00f3n Chachapoyas en un tour de un d\u00eda completo desde Cocachimba, que te llevar\u00e1 a los enigm\u00e1ticos mausoleos de Revash y al fascinante Museo de Leymebamba.<\/p>\n\n\n\n<p><strong>Mausoleos de Revash<\/strong><br>Nuestra primera parada ser\u00e1 en los Mausoleos de Revash, situados en lo alto de un acantilado. Estas estructuras funerarias, que datan del siglo XIV, son una clara representaci\u00f3n de las pr\u00e1cticas mortuorias de los Chachapoyas. Los mausoleos, que parecen peque\u00f1as casas, est\u00e1n decorados con figuras geom\u00e9tricas y animales, reflejando la cosmovisi\u00f3n y el arte de esta antigua cultura. La caminata hacia Revash te permitir\u00e1 disfrutar de un entorno natural espectacular, rodeado de monta\u00f1as y vegetaci\u00f3n exuberante.<\/p>\n\n\n\n<p><strong>Museo de Leymebamba<\/strong><br>Despu\u00e9s de Revash, visitaremos el Museo de Leymebamba, un centro cultural dedicado a la preservaci\u00f3n y estudio de la cultura Chachapoyas. El museo alberga m\u00e1s de 200 momias y una impresionante colecci\u00f3n de artefactos encontrados en la Laguna de los C\u00f3ndores. Aqu\u00ed, podr\u00e1s aprender sobre las creencias, rituales y la vida cotidiana de los Chachapoyas, complementando la experiencia con una inmersi\u00f3n profunda en su historia.<\/p>\n\n\n\n<p><strong>Lo que incluye el tour:<\/strong><\/p>\n\n\n\n<ul class=\"wp-block-list\">\n<li>Traslado en carro desde Cocachimba a Revash y Leymebamba.<\/li>\n\n\n\n<li>Ingreso a los Mausoleos de Revash y al Museo de Leymebamba.<\/li>\n\n\n\n<li>Guiado local experto en ambos sitios para enriquecer tu experiencia.<\/li>\n\n\n\n<li>Almuerzo en un restaurante local en Leymebamba, con opciones de platos t\u00edpicos de la regi\u00f3n.<\/li>\n<\/ul>\n\n\n\n<p>Este tour es ideal para quienes buscan una comprensi\u00f3n m\u00e1s profunda de la historia y cultura Chachapoyas, combinando arqueolog\u00eda y antropolog\u00eda en un entorno de asombrosa belleza natural.<\/p>\n\n\n\n<div class=\"wp-block-buttons is-horizontal is-content-justification-left is-layout-flex wp-container-core-buttons-is-layout-20be11b6 wp-block-buttons-is-layout-flex\">\n<div class=\"wp-block-button is-style-outline is-style-outline--1\"><a class=\"wp-block-button__link wp-element-button\" href=\"https:\/\/shungalladventure.com\/?page_id=11\">CONTACTANOS<\/a><\/div>\n<\/div>\n<\/div>\n\n\n\n<p><\/p>\n","protected":false},"excerpt":{"rendered":"<p>Tour de un D\u00eda Completo: Mausoleos de Revash y Museo de Leymebamba Descubre el legado de la civilizaci\u00f3n Chachapoyas en un tour de un d\u00eda completo desde Cocachimba, que te llevar\u00e1 a los enigm\u00e1ticos mausoleos de Revash y al fascinante Museo de Leymebamba. Mausoleos de RevashNuestra primera parada ser\u00e1 en los Mausoleos de Revash, situados &hellip; <\/p>\n<p class=\"link-more\"><a href=\"https:\/\/shungalladventure.com\/?page_id=234\" class=\"more-link\">Leer m\u00e1s<span class=\"screen-reader-text\"> \u00ab\u00bb<\/span><\/a><\/p>\n","protected":false},"author":1,"featured_media":126,"parent":0,"menu_order":0,"comment_status":"closed","ping_status":"closed","template":"","meta":{"inspiro_hide_title":false,"_joinchat":[],"footnotes":""},"class_list":["post-234","page","type-page","status-publish","has-post-thumbnail","hentry"],"featured_media_urls":{"thumbnail":["https:\/\/shungalladventure.com\/wp-content\/uploads\/2024\/08\/IMG-20240730-WA0017-150x150.jpg",150,150,true],"medium":["https:\/\/shungalladventure.com\/wp-content\/uploads\/2024\/08\/IMG-20240730-WA0017-300x225.jpg",300,225,true],"medium_large":["https:\/\/shungalladventure.com\/wp-content\/uploads\/2024\/08\/IMG-20240730-WA0017.jpg",768,576,false],"large":["https:\/\/shungalladventure.com\/wp-content\/uploads\/2024\/08\/IMG-20240730-WA0017-1024x768.jpg",950,713,true],"1536x1536":["https:\/\/shungalladventure.com\/wp-content\/uploads\/2024\/08\/IMG-20240730-WA0017-1536x1152.jpg",1536,1152,true],"2048x2048":["https:\/\/shungalladventure.com\/wp-content\/uploads\/2024\/08\/IMG-20240730-WA0017.jpg",1600,1200,false],"inspiro-featured-image":["https:\/\/shungalladventure.com\/wp-content\/uploads\/2024\/08\/IMG-20240730-WA0017.jpg",1600,1200,false],"inspiro-loop":["https:\/\/shungalladventure.com\/wp-content\/uploads\/2024\/08\/IMG-20240730-WA0017-950x320.jpg",950,320,true],"inspiro-loop@2x":["https:\/\/shungalladventure.com\/wp-content\/uploads\/2024\/08\/IMG-20240730-WA0017-1600x640.jpg",1600,640,true],"portfolio_item-thumbnail":["https:\/\/shungalladventure.com\/wp-content\/uploads\/2024\/08\/IMG-20240730-WA0017-600x400.jpg",600,400,true],"portfolio_item-thumbnail@2x":["https:\/\/shungalladventure.com\/wp-content\/uploads\/2024\/08\/IMG-20240730-WA0017-1200x800.jpg",1200,800,true],"portfolio_item-masonry":["https:\/\/shungalladventure.com\/wp-content\/uploads\/2024\/08\/IMG-20240730-WA0017-600x450.jpg",600,450,true],"portfolio_item-masonry@2x":["https:\/\/shungalladventure.com\/wp-content\/uploads\/2024\/08\/IMG-20240730-WA0017-1200x900.jpg",1200,900,true],"portfolio_item-thumbnail_cinema":["https:\/\/shungalladventure.com\/wp-content\/uploads\/2024\/08\/IMG-20240730-WA0017-800x335.jpg",800,335,true],"portfolio_item-thumbnail_portrait":["https:\/\/shungalladventure.com\/wp-content\/uploads\/2024\/08\/IMG-20240730-WA0017-600x900.jpg",600,900,true],"portfolio_item-thumbnail_portrait@2x":["https:\/\/shungalladventure.com\/wp-content\/uploads\/2024\/08\/IMG-20240730-WA0017-1200x1200.jpg",1200,1200,true],"portfolio_item-thumbnail_square":["https:\/\/shungalladventure.com\/wp-content\/uploads\/2024\/08\/IMG-20240730-WA0017-800x800.jpg",800,800,true]},"_links":{"self":[{"href":"https:\/\/shungalladventure.com\/index.php?rest_route=\/wp\/v2\/pages\/234","targetHints":{"allow":["GET"]}}],"collection":[{"href":"https:\/\/shungalladventure.com\/index.php?rest_route=\/wp\/v2\/pages"}],"about":[{"href":"https:\/\/shungalladventure.com\/index.php?rest_route=\/wp\/v2\/types\/page"}],"author":[{"embeddable":true,"href":"https:\/\/shungalladventure.com\/index.php?rest_route=\/wp\/v2\/users\/1"}],"replies":[{"embeddable":true,"href":"https:\/\/shungalladventure.com\/index.php?rest_route=%2Fwp%2Fv2%2Fcomments&post=234"}],"version-history":[{"count":1,"href":"https:\/\/shungalladventure.com\/index.php?rest_route=\/wp\/v2\/pages\/234\/revisions"}],"predecessor-version":[{"id":235,"href":"https:\/\/shungalladventure.com\/index.php?rest_route=\/wp\/v2\/pages\/234\/revisions\/235"}],"wp:featuredmedia":[{"embeddable":true,"href":"https:\/\/shungalladventure.com\/index.php?rest_route=\/wp\/v2\/media\/126"}],"wp:attachment":[{"href":"https:\/\/shungalladventure.com\/index.php?rest_route=%2Fwp%2Fv2%2Fmedia&parent=234"}],"curies":[{"name":"wp","href":"https:\/\/api.w.org\/{rel}","templated":true}]}}