{"id":229,"date":"2024-08-26T21:42:39","date_gmt":"2024-08-26T21:42:39","guid":{"rendered":"https:\/\/shungalladventure.com\/?page_id=229"},"modified":"2024-08-26T22:47:28","modified_gmt":"2024-08-26T22:47:28","slug":"kuelap-y-macro","status":"publish","type":"page","link":"https:\/\/shungalladventure.com\/?page_id=229","title":{"rendered":""},"content":{"rendered":"\n<div class=\"wp-block-group alignfull has-white-background-color has-background has-global-padding is-layout-constrained wp-block-group-is-layout-constrained\" style=\"padding-top:var(--wp--preset--spacing--small);padding-bottom:var(--wp--preset--spacing--small)\">\n<h2 class=\"wp-block-heading has-medium-font-size\" style=\"text-transform:uppercase\"><strong>Tour de un D\u00eda Completo: Ku\u00e9lap y Sitio Arqueol\u00f3gico de Macro<\/strong><\/h2>\n\n\n\n<p>Emb\u00e1rcate en un tour de un d\u00eda completo desde Cocachimba para explorar dos de los tesoros arqueol\u00f3gicos m\u00e1s importantes de la regi\u00f3n Amazonas: la impresionante fortaleza de Ku\u00e9lap y el sitio arqueol\u00f3gico de Macro.<\/p>\n\n\n\n<p><strong>Fortaleza de Ku\u00e9lap<\/strong><br>Nuestra primera parada ser\u00e1 la monumental fortaleza de Ku\u00e9lap, conocida como el \u00abMachu Picchu del Norte.\u00bb Construida por la civilizaci\u00f3n Chachapoyas alrededor del a\u00f1o 600 d.C., Ku\u00e9lap se eleva a m\u00e1s de 3,000 metros sobre el nivel del mar, rodeada de majestuosos paisajes monta\u00f1osos. Con m\u00e1s de 400 edificaciones circulares, este complejo preincaico es una de las joyas arquitect\u00f3nicas de Per\u00fa. Durante la visita, explorar\u00e1s sus imponentes murallas, templos y recintos ceremoniales, sumergi\u00e9ndote en la rica historia de los antiguos Chachapoyas.<\/p>\n\n\n\n<p><strong>Sitio Arqueol\u00f3gico de Macro<\/strong><br>Despu\u00e9s de Ku\u00e9lap, nos dirigiremos al sitio arqueol\u00f3gico de Macro, ubicado con una vista panor\u00e1mica del valle del r\u00edo Utcubamba. Este asentamiento, menos conocido pero igualmente fascinante, muestra la arquitectura y el estilo de vida de la civilizaci\u00f3n Chachapoyas, con construcciones de piedra enclavadas en las laderas de la monta\u00f1a.<\/p>\n\n\n\n<p><strong>Almuerzo en la EcoFinca Macro<\/strong><br>Para culminar el tour, disfrutaremos de un almuerzo en la <strong>EcoFinca Macro<\/strong>, donde Jes\u00fas, el due\u00f1o, nos recibir\u00e1 con trucha fresca, pescada directamente del r\u00edo, o con deliciosa cecina, especialidades t\u00edpicas de la regi\u00f3n. Esta parada no solo te permitir\u00e1 degustar los sabores locales, sino tambi\u00e9n experimentar la calidez y hospitalidad de la comunidad.<\/p>\n\n\n\n<p><strong>Lo que incluye el tour:<\/strong><\/p>\n\n\n\n<ul class=\"wp-block-list\">\n<li>Traslado en carro desde Cocachimba a Ku\u00e9lap y Macro.<\/li>\n\n\n\n<li>Ingreso a la fortaleza de Ku\u00e9lap y al sitio arqueol\u00f3gico de Macro.<\/li>\n\n\n\n<li>Guiado local experto en ambos sitios para una experiencia completa.<\/li>\n\n\n\n<li>Almuerzo en la EcoFinca Macro, con platos tradicionales preparados con ingredientes frescos y locales.<\/li>\n<\/ul>\n\n\n\n<p>Este tour es ideal para aquellos que desean explorar la historia y cultura Chachapoyas.<\/p>\n\n\n\n<div class=\"wp-block-buttons is-horizontal is-content-justification-left is-layout-flex wp-container-core-buttons-is-layout-20be11b6 wp-block-buttons-is-layout-flex\">\n<div class=\"wp-block-button is-style-outline is-style-outline--1\"><a class=\"wp-block-button__link wp-element-button\" href=\"https:\/\/shungalladventure.com\/?page_id=11\">CONTACTANOS<\/a><\/div>\n<\/div>\n<\/div>\n\n\n\n<p><\/p>\n","protected":false},"excerpt":{"rendered":"<p>Tour de un D\u00eda Completo: Ku\u00e9lap y Sitio Arqueol\u00f3gico de Macro Emb\u00e1rcate en un tour de un d\u00eda completo desde Cocachimba para explorar dos de los tesoros arqueol\u00f3gicos m\u00e1s importantes de la regi\u00f3n Amazonas: la impresionante fortaleza de Ku\u00e9lap y el sitio arqueol\u00f3gico de Macro. Fortaleza de Ku\u00e9lapNuestra primera parada ser\u00e1 la monumental fortaleza de &hellip; <\/p>\n<p class=\"link-more\"><a href=\"https:\/\/shungalladventure.com\/?page_id=229\" class=\"more-link\">Leer m\u00e1s<span class=\"screen-reader-text\"> \u00ab\u00bb<\/span><\/a><\/p>\n","protected":false},"author":1,"featured_media":126,"parent":0,"menu_order":0,"comment_status":"closed","ping_status":"closed","template":"","meta":{"inspiro_hide_title":false,"_joinchat":[],"footnotes":""},"class_list":["post-229","page","type-page","status-publish","has-post-thumbnail","hentry"],"featured_media_urls":{"thumbnail":["https:\/\/shungalladventure.com\/wp-content\/uploads\/2024\/08\/IMG-20240730-WA0017-150x150.jpg",150,150,true],"medium":["https:\/\/shungalladventure.com\/wp-content\/uploads\/2024\/08\/IMG-20240730-WA0017-300x225.jpg",300,225,true],"medium_large":["https:\/\/shungalladventure.com\/wp-content\/uploads\/2024\/08\/IMG-20240730-WA0017.jpg",768,576,false],"large":["https:\/\/shungalladventure.com\/wp-content\/uploads\/2024\/08\/IMG-20240730-WA0017-1024x768.jpg",950,713,true],"1536x1536":["https:\/\/shungalladventure.com\/wp-content\/uploads\/2024\/08\/IMG-20240730-WA0017-1536x1152.jpg",1536,1152,true],"2048x2048":["https:\/\/shungalladventure.com\/wp-content\/uploads\/2024\/08\/IMG-20240730-WA0017.jpg",1600,1200,false],"inspiro-featured-image":["https:\/\/shungalladventure.com\/wp-content\/uploads\/2024\/08\/IMG-20240730-WA0017.jpg",1600,1200,false],"inspiro-loop":["https:\/\/shungalladventure.com\/wp-content\/uploads\/2024\/08\/IMG-20240730-WA0017-950x320.jpg",950,320,true],"inspiro-loop@2x":["https:\/\/shungalladventure.com\/wp-content\/uploads\/2024\/08\/IMG-20240730-WA0017-1600x640.jpg",1600,640,true],"portfolio_item-thumbnail":["https:\/\/shungalladventure.com\/wp-content\/uploads\/2024\/08\/IMG-20240730-WA0017-600x400.jpg",600,400,true],"portfolio_item-thumbnail@2x":["https:\/\/shungalladventure.com\/wp-content\/uploads\/2024\/08\/IMG-20240730-WA0017-1200x800.jpg",1200,800,true],"portfolio_item-masonry":["https:\/\/shungalladventure.com\/wp-content\/uploads\/2024\/08\/IMG-20240730-WA0017-600x450.jpg",600,450,true],"portfolio_item-masonry@2x":["https:\/\/shungalladventure.com\/wp-content\/uploads\/2024\/08\/IMG-20240730-WA0017-1200x900.jpg",1200,900,true],"portfolio_item-thumbnail_cinema":["https:\/\/shungalladventure.com\/wp-content\/uploads\/2024\/08\/IMG-20240730-WA0017-800x335.jpg",800,335,true],"portfolio_item-thumbnail_portrait":["https:\/\/shungalladventure.com\/wp-content\/uploads\/2024\/08\/IMG-20240730-WA0017-600x900.jpg",600,900,true],"portfolio_item-thumbnail_portrait@2x":["https:\/\/shungalladventure.com\/wp-content\/uploads\/2024\/08\/IMG-20240730-WA0017-1200x1200.jpg",1200,1200,true],"portfolio_item-thumbnail_square":["https:\/\/shungalladventure.com\/wp-content\/uploads\/2024\/08\/IMG-20240730-WA0017-800x800.jpg",800,800,true]},"_links":{"self":[{"href":"https:\/\/shungalladventure.com\/index.php?rest_route=\/wp\/v2\/pages\/229","targetHints":{"allow":["GET"]}}],"collection":[{"href":"https:\/\/shungalladventure.com\/index.php?rest_route=\/wp\/v2\/pages"}],"about":[{"href":"https:\/\/shungalladventure.com\/index.php?rest_route=\/wp\/v2\/types\/page"}],"author":[{"embeddable":true,"href":"https:\/\/shungalladventure.com\/index.php?rest_route=\/wp\/v2\/users\/1"}],"replies":[{"embeddable":true,"href":"https:\/\/shungalladventure.com\/index.php?rest_route=%2Fwp%2Fv2%2Fcomments&post=229"}],"version-history":[{"count":1,"href":"https:\/\/shungalladventure.com\/index.php?rest_route=\/wp\/v2\/pages\/229\/revisions"}],"predecessor-version":[{"id":232,"href":"https:\/\/shungalladventure.com\/index.php?rest_route=\/wp\/v2\/pages\/229\/revisions\/232"}],"wp:featuredmedia":[{"embeddable":true,"href":"https:\/\/shungalladventure.com\/index.php?rest_route=\/wp\/v2\/media\/126"}],"wp:attachment":[{"href":"https:\/\/shungalladventure.com\/index.php?rest_route=%2Fwp%2Fv2%2Fmedia&parent=229"}],"curies":[{"name":"wp","href":"https:\/\/api.w.org\/{rel}","templated":true}]}}