{"id":226,"date":"2024-08-26T21:35:33","date_gmt":"2024-08-26T21:35:33","guid":{"rendered":"https:\/\/shungalladventure.com\/?page_id=226"},"modified":"2024-08-26T22:46:58","modified_gmt":"2024-08-26T22:46:58","slug":"sarcofagos-de-karajia-y-caverna-de-quiocta","status":"publish","type":"page","link":"https:\/\/shungalladventure.com\/?page_id=226","title":{"rendered":""},"content":{"rendered":"\n<div class=\"wp-block-group alignfull has-white-background-color has-background has-global-padding is-layout-constrained wp-block-group-is-layout-constrained\" style=\"padding-top:var(--wp--preset--spacing--small);padding-bottom:var(--wp--preset--spacing--small)\">\n<h2 class=\"wp-block-heading has-medium-font-size\" style=\"text-transform:uppercase\"><strong>Tour de un D\u00eda Completo: Sarc\u00f3fagos de Karaj\u00eda y Caverna de Quiocta<\/strong><\/h2>\n\n\n\n<p>Este tour de un d\u00eda completo te lleva desde Cocachimba a explorar dos de los tesoros m\u00e1s fascinantes de la regi\u00f3n Amazonas: los Sarc\u00f3fagos de Karaj\u00eda y la Caverna de Quiocta.<\/p>\n\n\n\n<p><strong>Sarc\u00f3fagos de Karaj\u00eda<\/strong><br>Ubicados en lo alto de un acantilado, los Sarc\u00f3fagos de Karaj\u00eda son monumentos funerarios \u00fanicos que datan de la cultura Chachapoyas. Estas impresionantes esculturas de hasta 2.5 metros de altura, conocidas como \u00abpurunmachos,\u00bb fueron dise\u00f1adas para proteger a los muertos de las inclemencias del tiempo y de saqueadores. Los sarc\u00f3fagos, que contienen los restos de los l\u00edderes m\u00e1s importantes de la \u00e9poca, son una prueba tangible del ingenio y las creencias espirituales de esta antigua civilizaci\u00f3n.<\/p>\n\n\n\n<p><strong>Caverna de Quiocta<\/strong><br>Despu\u00e9s de visitar los sarc\u00f3fagos, nos dirigiremos a la Caverna de Quiocta, la primera caverna iluminada de Per\u00fa. Aqu\u00ed podr\u00e1s explorar un mundo subterr\u00e1neo lleno de estalactitas, estalagmitas y misteriosas c\u00e1maras naturales que han sido formadas durante miles de a\u00f1os. La caverna es un sitio sagrado para las comunidades locales y ofrece una experiencia \u00fanica y m\u00edstica en su interior.<\/p>\n\n\n\n<p><strong>Lo que incluye el tour:<\/strong><\/p>\n\n\n\n<ul class=\"wp-block-list\">\n<li>Traslado en carro desde Cocachimba hasta Karaj\u00eda y la Caverna de Quiocta.<\/li>\n\n\n\n<li>Box lunch para disfrutar durante el recorrido.<\/li>\n\n\n\n<li>Ingreso al sitio arqueol\u00f3gico de Karaj\u00eda y a la Caverna de Quiocta.<\/li>\n\n\n\n<li>Guiado local experto en ambos sitios para una experiencia enriquecedora.<\/li>\n<\/ul>\n\n\n\n<p>Este tour es ideal para quienes buscan una inmersi\u00f3n profunda en la historia, cultura y naturaleza de la regi\u00f3n Amazonas, combinando la majestuosidad de los paisajes andinos con la fascinaci\u00f3n por los antiguos ritos funerarios y la exploraci\u00f3n subterr\u00e1nea.<\/p>\n\n\n\n<div class=\"wp-block-buttons is-horizontal is-content-justification-left is-layout-flex wp-container-core-buttons-is-layout-20be11b6 wp-block-buttons-is-layout-flex\">\n<div class=\"wp-block-button is-style-outline is-style-outline--1\"><a class=\"wp-block-button__link wp-element-button\" href=\"https:\/\/shungalladventure.com\/?page_id=11\">CONTACTANOS<\/a><\/div>\n<\/div>\n<\/div>\n\n\n\n<p><\/p>\n","protected":false},"excerpt":{"rendered":"<p>Tour de un D\u00eda Completo: Sarc\u00f3fagos de Karaj\u00eda y Caverna de Quiocta Este tour de un d\u00eda completo te lleva desde Cocachimba a explorar dos de los tesoros m\u00e1s fascinantes de la regi\u00f3n Amazonas: los Sarc\u00f3fagos de Karaj\u00eda y la Caverna de Quiocta. Sarc\u00f3fagos de Karaj\u00edaUbicados en lo alto de un acantilado, los Sarc\u00f3fagos de &hellip; <\/p>\n<p class=\"link-more\"><a href=\"https:\/\/shungalladventure.com\/?page_id=226\" class=\"more-link\">Leer m\u00e1s<span class=\"screen-reader-text\"> \u00ab\u00bb<\/span><\/a><\/p>\n","protected":false},"author":1,"featured_media":126,"parent":0,"menu_order":0,"comment_status":"closed","ping_status":"closed","template":"","meta":{"inspiro_hide_title":false,"_joinchat":[],"footnotes":""},"class_list":["post-226","page","type-page","status-publish","has-post-thumbnail","hentry"],"featured_media_urls":{"thumbnail":["https:\/\/shungalladventure.com\/wp-content\/uploads\/2024\/08\/IMG-20240730-WA0017-150x150.jpg",150,150,true],"medium":["https:\/\/shungalladventure.com\/wp-content\/uploads\/2024\/08\/IMG-20240730-WA0017-300x225.jpg",300,225,true],"medium_large":["https:\/\/shungalladventure.com\/wp-content\/uploads\/2024\/08\/IMG-20240730-WA0017.jpg",768,576,false],"large":["https:\/\/shungalladventure.com\/wp-content\/uploads\/2024\/08\/IMG-20240730-WA0017-1024x768.jpg",950,713,true],"1536x1536":["https:\/\/shungalladventure.com\/wp-content\/uploads\/2024\/08\/IMG-20240730-WA0017-1536x1152.jpg",1536,1152,true],"2048x2048":["https:\/\/shungalladventure.com\/wp-content\/uploads\/2024\/08\/IMG-20240730-WA0017.jpg",1600,1200,false],"inspiro-featured-image":["https:\/\/shungalladventure.com\/wp-content\/uploads\/2024\/08\/IMG-20240730-WA0017.jpg",1600,1200,false],"inspiro-loop":["https:\/\/shungalladventure.com\/wp-content\/uploads\/2024\/08\/IMG-20240730-WA0017-950x320.jpg",950,320,true],"inspiro-loop@2x":["https:\/\/shungalladventure.com\/wp-content\/uploads\/2024\/08\/IMG-20240730-WA0017-1600x640.jpg",1600,640,true],"portfolio_item-thumbnail":["https:\/\/shungalladventure.com\/wp-content\/uploads\/2024\/08\/IMG-20240730-WA0017-600x400.jpg",600,400,true],"portfolio_item-thumbnail@2x":["https:\/\/shungalladventure.com\/wp-content\/uploads\/2024\/08\/IMG-20240730-WA0017-1200x800.jpg",1200,800,true],"portfolio_item-masonry":["https:\/\/shungalladventure.com\/wp-content\/uploads\/2024\/08\/IMG-20240730-WA0017-600x450.jpg",600,450,true],"portfolio_item-masonry@2x":["https:\/\/shungalladventure.com\/wp-content\/uploads\/2024\/08\/IMG-20240730-WA0017-1200x900.jpg",1200,900,true],"portfolio_item-thumbnail_cinema":["https:\/\/shungalladventure.com\/wp-content\/uploads\/2024\/08\/IMG-20240730-WA0017-800x335.jpg",800,335,true],"portfolio_item-thumbnail_portrait":["https:\/\/shungalladventure.com\/wp-content\/uploads\/2024\/08\/IMG-20240730-WA0017-600x900.jpg",600,900,true],"portfolio_item-thumbnail_portrait@2x":["https:\/\/shungalladventure.com\/wp-content\/uploads\/2024\/08\/IMG-20240730-WA0017-1200x1200.jpg",1200,1200,true],"portfolio_item-thumbnail_square":["https:\/\/shungalladventure.com\/wp-content\/uploads\/2024\/08\/IMG-20240730-WA0017-800x800.jpg",800,800,true]},"_links":{"self":[{"href":"https:\/\/shungalladventure.com\/index.php?rest_route=\/wp\/v2\/pages\/226","targetHints":{"allow":["GET"]}}],"collection":[{"href":"https:\/\/shungalladventure.com\/index.php?rest_route=\/wp\/v2\/pages"}],"about":[{"href":"https:\/\/shungalladventure.com\/index.php?rest_route=\/wp\/v2\/types\/page"}],"author":[{"embeddable":true,"href":"https:\/\/shungalladventure.com\/index.php?rest_route=\/wp\/v2\/users\/1"}],"replies":[{"embeddable":true,"href":"https:\/\/shungalladventure.com\/index.php?rest_route=%2Fwp%2Fv2%2Fcomments&post=226"}],"version-history":[{"count":3,"href":"https:\/\/shungalladventure.com\/index.php?rest_route=\/wp\/v2\/pages\/226\/revisions"}],"predecessor-version":[{"id":231,"href":"https:\/\/shungalladventure.com\/index.php?rest_route=\/wp\/v2\/pages\/226\/revisions\/231"}],"wp:featuredmedia":[{"embeddable":true,"href":"https:\/\/shungalladventure.com\/index.php?rest_route=\/wp\/v2\/media\/126"}],"wp:attachment":[{"href":"https:\/\/shungalladventure.com\/index.php?rest_route=%2Fwp%2Fv2%2Fmedia&parent=226"}],"curies":[{"name":"wp","href":"https:\/\/api.w.org\/{rel}","templated":true}]}}