{"id":213,"date":"2024-08-26T21:23:06","date_gmt":"2024-08-26T21:23:06","guid":{"rendered":"https:\/\/shungalladventure.com\/?page_id=213"},"modified":"2024-08-27T16:12:43","modified_gmt":"2024-08-27T16:12:43","slug":"servicios-shungalla-adventure","status":"publish","type":"page","link":"https:\/\/shungalladventure.com\/?page_id=213","title":{"rendered":""},"content":{"rendered":"\n<div class=\"wp-block-group alignfull has-white-background-color has-background has-global-padding is-layout-constrained wp-block-group-is-layout-constrained\" style=\"padding-top:var(--wp--preset--spacing--small);padding-bottom:var(--wp--preset--spacing--small)\">\n<h2 class=\"wp-block-heading has-medium-font-size\" style=\"text-transform:uppercase\">servicios &#8211; shungalla adventure<\/h2>\n\n\n\n<p>En nuestra agencia, ofrecemos una variedad de experiencias dise\u00f1adas para aquellos que buscan m\u00e1s que unas simples vacaciones. Proporcionamos trekking con log\u00edstica completa, tours a los principales destinos, y viajes inter regionales que conectan diversas regiones del Per\u00fa. Nos encargamos de todos los aspectos de tu viaje, incluyendo alimentaci\u00f3n y estad\u00eda, colaborando estrechamente con comercios locales que conocemos y recomendamos personalmente.<br>Nuestro orgullo es el <strong><a href=\"https:\/\/mamaqtambolodge.com\">Mamaq Tambo Lodge<\/a><\/strong> en Cocachimba, que es la base de salida para todas nuestras experiencias en la regi\u00f3n Amazonas. Este Lodge ofrece todas las comodidades necesarias, con comida y alojamiento exclusivo, asegurando una estancia confortable.<\/p>\n\n\n\n<p>M\u00e1s que todo, nuestra misi\u00f3n es ofrecer una experiencia aut\u00e9ntica y profunda, permiti\u00e9ndote conectar con la cultura local y la naturaleza de manera significativa, con el valor a\u00f1adido de nuestro profundo amor y conocimiento de la tierra donde vivimos.<\/p>\n\n\n\n<div class=\"wp-block-buttons is-horizontal is-content-justification-left is-layout-flex wp-container-core-buttons-is-layout-20be11b6 wp-block-buttons-is-layout-flex\">\n<div class=\"wp-block-button is-style-outline is-style-outline--1\"><a class=\"wp-block-button__link wp-element-button\" href=\"https:\/\/shungalladventure.com\/?page_id=11\">CONTACTANOS<\/a><\/div>\n<\/div>\n<\/div>\n","protected":false},"excerpt":{"rendered":"<p>servicios &#8211; shungalla adventure En nuestra agencia, ofrecemos una variedad de experiencias dise\u00f1adas para aquellos que buscan m\u00e1s que unas simples vacaciones. Proporcionamos trekking con log\u00edstica completa, tours a los principales destinos, y viajes inter regionales que conectan diversas regiones del Per\u00fa. Nos encargamos de todos los aspectos de tu viaje, incluyendo alimentaci\u00f3n y estad\u00eda, &hellip; <\/p>\n<p class=\"link-more\"><a href=\"https:\/\/shungalladventure.com\/?page_id=213\" class=\"more-link\">Leer m\u00e1s<span class=\"screen-reader-text\"> \u00ab\u00bb<\/span><\/a><\/p>\n","protected":false},"author":1,"featured_media":126,"parent":0,"menu_order":0,"comment_status":"closed","ping_status":"closed","template":"","meta":{"inspiro_hide_title":false,"_joinchat":[],"footnotes":""},"class_list":["post-213","page","type-page","status-publish","has-post-thumbnail","hentry"],"featured_media_urls":{"thumbnail":["https:\/\/shungalladventure.com\/wp-content\/uploads\/2024\/08\/IMG-20240730-WA0017-150x150.jpg",150,150,true],"medium":["https:\/\/shungalladventure.com\/wp-content\/uploads\/2024\/08\/IMG-20240730-WA0017-300x225.jpg",300,225,true],"medium_large":["https:\/\/shungalladventure.com\/wp-content\/uploads\/2024\/08\/IMG-20240730-WA0017.jpg",768,576,false],"large":["https:\/\/shungalladventure.com\/wp-content\/uploads\/2024\/08\/IMG-20240730-WA0017-1024x768.jpg",950,713,true],"1536x1536":["https:\/\/shungalladventure.com\/wp-content\/uploads\/2024\/08\/IMG-20240730-WA0017-1536x1152.jpg",1536,1152,true],"2048x2048":["https:\/\/shungalladventure.com\/wp-content\/uploads\/2024\/08\/IMG-20240730-WA0017.jpg",1600,1200,false],"inspiro-featured-image":["https:\/\/shungalladventure.com\/wp-content\/uploads\/2024\/08\/IMG-20240730-WA0017.jpg",1600,1200,false],"inspiro-loop":["https:\/\/shungalladventure.com\/wp-content\/uploads\/2024\/08\/IMG-20240730-WA0017-950x320.jpg",950,320,true],"inspiro-loop@2x":["https:\/\/shungalladventure.com\/wp-content\/uploads\/2024\/08\/IMG-20240730-WA0017-1600x640.jpg",1600,640,true],"portfolio_item-thumbnail":["https:\/\/shungalladventure.com\/wp-content\/uploads\/2024\/08\/IMG-20240730-WA0017-600x400.jpg",600,400,true],"portfolio_item-thumbnail@2x":["https:\/\/shungalladventure.com\/wp-content\/uploads\/2024\/08\/IMG-20240730-WA0017-1200x800.jpg",1200,800,true],"portfolio_item-masonry":["https:\/\/shungalladventure.com\/wp-content\/uploads\/2024\/08\/IMG-20240730-WA0017-600x450.jpg",600,450,true],"portfolio_item-masonry@2x":["https:\/\/shungalladventure.com\/wp-content\/uploads\/2024\/08\/IMG-20240730-WA0017-1200x900.jpg",1200,900,true],"portfolio_item-thumbnail_cinema":["https:\/\/shungalladventure.com\/wp-content\/uploads\/2024\/08\/IMG-20240730-WA0017-800x335.jpg",800,335,true],"portfolio_item-thumbnail_portrait":["https:\/\/shungalladventure.com\/wp-content\/uploads\/2024\/08\/IMG-20240730-WA0017-600x900.jpg",600,900,true],"portfolio_item-thumbnail_portrait@2x":["https:\/\/shungalladventure.com\/wp-content\/uploads\/2024\/08\/IMG-20240730-WA0017-1200x1200.jpg",1200,1200,true],"portfolio_item-thumbnail_square":["https:\/\/shungalladventure.com\/wp-content\/uploads\/2024\/08\/IMG-20240730-WA0017-800x800.jpg",800,800,true]},"_links":{"self":[{"href":"https:\/\/shungalladventure.com\/index.php?rest_route=\/wp\/v2\/pages\/213","targetHints":{"allow":["GET"]}}],"collection":[{"href":"https:\/\/shungalladventure.com\/index.php?rest_route=\/wp\/v2\/pages"}],"about":[{"href":"https:\/\/shungalladventure.com\/index.php?rest_route=\/wp\/v2\/types\/page"}],"author":[{"embeddable":true,"href":"https:\/\/shungalladventure.com\/index.php?rest_route=\/wp\/v2\/users\/1"}],"replies":[{"embeddable":true,"href":"https:\/\/shungalladventure.com\/index.php?rest_route=%2Fwp%2Fv2%2Fcomments&post=213"}],"version-history":[{"count":6,"href":"https:\/\/shungalladventure.com\/index.php?rest_route=\/wp\/v2\/pages\/213\/revisions"}],"predecessor-version":[{"id":288,"href":"https:\/\/shungalladventure.com\/index.php?rest_route=\/wp\/v2\/pages\/213\/revisions\/288"}],"wp:featuredmedia":[{"embeddable":true,"href":"https:\/\/shungalladventure.com\/index.php?rest_route=\/wp\/v2\/media\/126"}],"wp:attachment":[{"href":"https:\/\/shungalladventure.com\/index.php?rest_route=%2Fwp%2Fv2%2Fmedia&parent=213"}],"curies":[{"name":"wp","href":"https:\/\/api.w.org\/{rel}","templated":true}]}}