{"id":176,"date":"2024-08-12T23:02:37","date_gmt":"2024-08-12T23:02:37","guid":{"rendered":"https:\/\/shungalladventure.com\/?page_id=176"},"modified":"2024-08-26T23:16:58","modified_gmt":"2024-08-26T23:16:58","slug":"cajamarca-amazonas-chachapoyas","status":"publish","type":"page","link":"https:\/\/shungalladventure.com\/?page_id=176","title":{"rendered":"CAJAMARCA &#8211; AMAZONAS"},"content":{"rendered":"\n<div class=\"wp-block-group alignfull is-layout-flow wp-container-core-group-is-layout-c4d5c1b7 wp-block-group-is-layout-flow\" id=\"cover\" style=\"margin-top:0px;margin-bottom:0px\">\n<div class=\"wp-block-group has-global-padding is-layout-constrained wp-container-core-group-is-layout-4383d167 wp-block-group-is-layout-constrained\">\n<p><strong>ACTIVIDADES RESUMIDAS :<\/strong><br><em>Cumbemayo y Ventanillas de Otuzco<br>Kuntur Wasi<br>Laguna Alto Per\u00fa<br>Catarata Subterranea de Huashos<br>Museo Leymebamba<br>Fortaleza de Kuelap y Sitio Arqueol\u00f3gico de Macro <br>Caminata a la Catarata de Gocta<br>Visita al Refugio del Colibr\u00ed Cola Esp\u00e1tula<\/em><br><em>Visita a la ciudad de Chachapoyas<\/em><\/p>\n\n\n\n<p><strong>D\u00cdA 1<\/strong><br>Llegada al aeropuerto de Cajamarca (primer vuelo en la ma\u00f1ana)<br>Visita a <strong>Cumbemayo y Ventanillas de Otuzco<\/strong><br>Noche en Cajamarca en el <strong>Hatuchay Inka Apart Hotel<\/strong><br><br><strong>D\u00cdA 2<\/strong><br>Traslado a <strong>KUNTUR WASI<\/strong><br><strong>LAGUNA ALTO PER\u00da<\/strong> \u2013 peque\u00f1a caminata en los <strong>APUS<\/strong><br>Noche libre en Cajamarca<br><br><strong>D\u00cdA 3<\/strong><br>Traslado a Amazonas<br>Parada en Celendin para cafe y queso (peque\u00f1o snack)<br>Parada en el camino para visitar la <a href=\"https:\/\/maps.app.goo.gl\/iDPXnopcvcs77uTg6\"><strong>Catarata Subterr\u00e1nea de Huashos<\/strong><\/a><br>Subida a Leymebamba y visita al <strong>Museo de Leymebamba<\/strong><br>Noche en Leymebamba en el <a href=\"https:\/\/maps.app.goo.gl\/GSbavuTEJAgmsvu2A\"><strong>Hostal B&amp;B Los Viajeros<\/strong><\/a><br><br><strong>D\u00cdA 4<\/strong><br>Salida de Leymebamba<br>Visita a Kuelap<br>Almuerzo en <a href=\"http:\/\/(https:\/\/maps.app.goo.gl\/HksKbUZvNi5gFpGp7 )\"><strong>Eco Finca Macro<\/strong><\/a> con visita a las ruinas<br>Llegada a <strong>Mamaq Tambo Lodge<\/strong><br><br><strong>D\u00cdA 5<\/strong><br>Caminata a la <strong>Catarata de Gocta<\/strong><br>Visita al Refugio del Colibr\u00ed Cola Esp\u00e1tula <br>Tiempo Libre en el Lodge<br>Noche de fogata y cena<br><br><strong>D\u00cdA 6<\/strong><br>Transfer a Chachapoyas<br>Visita a la ciudad<br>Trasfer al aeropuerto<br><br><em><strong>Opciones con costo extra :<\/strong><\/em><br>Caballos para la caminata de Gocta<br>Sauna con hierbas medicinales y arom\u00e1ticas<\/p>\n\n\n\n<div style=\"height:31px\" aria-hidden=\"true\" class=\"wp-block-spacer\"><\/div>\n\n\n\n<div class=\"wp-block-buttons is-layout-flex wp-block-buttons-is-layout-flex\">\n<div class=\"wp-block-button is-style-fill\" style=\"text-transform:uppercase\"><a class=\"wp-block-button__link has-secondary-background-color has-background wp-element-button\" href=\"https:\/\/shungalladventure.com\/?page_id=11\" style=\"border-radius:0px\">mas info &#8230;<\/a><\/div>\n<\/div>\n<\/div>\n<\/div>\n","protected":false},"excerpt":{"rendered":"<p>ACTIVIDADES RESUMIDAS :Cumbemayo y Ventanillas de OtuzcoKuntur WasiLaguna Alto Per\u00faCatarata Subterranea de HuashosMuseo LeymebambaFortaleza de Kuelap y Sitio Arqueol\u00f3gico de Macro Caminata a la Catarata de GoctaVisita al Refugio del Colibr\u00ed Cola Esp\u00e1tulaVisita a la ciudad de Chachapoyas D\u00cdA 1Llegada al aeropuerto de Cajamarca (primer vuelo en la ma\u00f1ana)Visita a Cumbemayo y Ventanillas de OtuzcoNoche &hellip; <\/p>\n<p class=\"link-more\"><a href=\"https:\/\/shungalladventure.com\/?page_id=176\" class=\"more-link\">Leer m\u00e1s<span class=\"screen-reader-text\"> \u00abCAJAMARCA &#8211; AMAZONAS\u00bb<\/span><\/a><\/p>\n","protected":false},"author":1,"featured_media":184,"parent":0,"menu_order":0,"comment_status":"closed","ping_status":"closed","template":"","meta":{"inspiro_hide_title":false,"_joinchat":[],"footnotes":""},"class_list":["post-176","page","type-page","status-publish","has-post-thumbnail","hentry"],"featured_media_urls":{"thumbnail":["https:\/\/shungalladventure.com\/wp-content\/uploads\/2024\/08\/IMG_20240621_171427-EDIT-150x150.jpg",150,150,true],"medium":["https:\/\/shungalladventure.com\/wp-content\/uploads\/2024\/08\/IMG_20240621_171427-EDIT-300x225.jpg",300,225,true],"medium_large":["https:\/\/shungalladventure.com\/wp-content\/uploads\/2024\/08\/IMG_20240621_171427-EDIT-scaled.jpg",768,576,false],"large":["https:\/\/shungalladventure.com\/wp-content\/uploads\/2024\/08\/IMG_20240621_171427-EDIT-1024x768.jpg",950,713,true],"1536x1536":["https:\/\/shungalladventure.com\/wp-content\/uploads\/2024\/08\/IMG_20240621_171427-EDIT-scaled-1536x1152.jpg",1536,1152,true],"2048x2048":["https:\/\/shungalladventure.com\/wp-content\/uploads\/2024\/08\/IMG_20240621_171427-EDIT-scaled-2048x1536.jpg",2048,1536,true],"inspiro-featured-image":["https:\/\/shungalladventure.com\/wp-content\/uploads\/2024\/08\/IMG_20240621_171427-EDIT-2000x1500.jpg",2000,1500,true],"inspiro-loop":["https:\/\/shungalladventure.com\/wp-content\/uploads\/2024\/08\/IMG_20240621_171427-EDIT-950x320.jpg",950,320,true],"inspiro-loop@2x":["https:\/\/shungalladventure.com\/wp-content\/uploads\/2024\/08\/IMG_20240621_171427-EDIT-1900x640.jpg",1900,640,true],"portfolio_item-thumbnail":["https:\/\/shungalladventure.com\/wp-content\/uploads\/2024\/08\/IMG_20240621_171427-EDIT-scaled-600x400.jpg",600,400,true],"portfolio_item-thumbnail@2x":["https:\/\/shungalladventure.com\/wp-content\/uploads\/2024\/08\/IMG_20240621_171427-EDIT-scaled-1200x800.jpg",1200,800,true],"portfolio_item-masonry":["https:\/\/shungalladventure.com\/wp-content\/uploads\/2024\/08\/IMG_20240621_171427-EDIT-scaled-600x450.jpg",600,450,true],"portfolio_item-masonry@2x":["https:\/\/shungalladventure.com\/wp-content\/uploads\/2024\/08\/IMG_20240621_171427-EDIT-scaled-1200x900.jpg",1200,900,true],"portfolio_item-thumbnail_cinema":["https:\/\/shungalladventure.com\/wp-content\/uploads\/2024\/08\/IMG_20240621_171427-EDIT-scaled-800x335.jpg",800,335,true],"portfolio_item-thumbnail_portrait":["https:\/\/shungalladventure.com\/wp-content\/uploads\/2024\/08\/IMG_20240621_171427-EDIT-scaled-600x900.jpg",600,900,true],"portfolio_item-thumbnail_portrait@2x":["https:\/\/shungalladventure.com\/wp-content\/uploads\/2024\/08\/IMG_20240621_171427-EDIT-scaled-1200x1800.jpg",1200,1800,true],"portfolio_item-thumbnail_square":["https:\/\/shungalladventure.com\/wp-content\/uploads\/2024\/08\/IMG_20240621_171427-EDIT-scaled-800x800.jpg",800,800,true]},"_links":{"self":[{"href":"https:\/\/shungalladventure.com\/index.php?rest_route=\/wp\/v2\/pages\/176","targetHints":{"allow":["GET"]}}],"collection":[{"href":"https:\/\/shungalladventure.com\/index.php?rest_route=\/wp\/v2\/pages"}],"about":[{"href":"https:\/\/shungalladventure.com\/index.php?rest_route=\/wp\/v2\/types\/page"}],"author":[{"embeddable":true,"href":"https:\/\/shungalladventure.com\/index.php?rest_route=\/wp\/v2\/users\/1"}],"replies":[{"embeddable":true,"href":"https:\/\/shungalladventure.com\/index.php?rest_route=%2Fwp%2Fv2%2Fcomments&post=176"}],"version-history":[{"count":14,"href":"https:\/\/shungalladventure.com\/index.php?rest_route=\/wp\/v2\/pages\/176\/revisions"}],"predecessor-version":[{"id":259,"href":"https:\/\/shungalladventure.com\/index.php?rest_route=\/wp\/v2\/pages\/176\/revisions\/259"}],"wp:featuredmedia":[{"embeddable":true,"href":"https:\/\/shungalladventure.com\/index.php?rest_route=\/wp\/v2\/media\/184"}],"wp:attachment":[{"href":"https:\/\/shungalladventure.com\/index.php?rest_route=%2Fwp%2Fv2%2Fmedia&parent=176"}],"curies":[{"name":"wp","href":"https:\/\/api.w.org\/{rel}","templated":true}]}}